{"id":5594,"date":"2025-07-30T06:56:13","date_gmt":"2025-07-30T06:56:13","guid":{"rendered":"https:\/\/acsrpl.com\/en\/?page_id=5594"},"modified":"2025-09-02T11:15:06","modified_gmt":"2025-09-02T11:15:06","slug":"contact","status":"publish","type":"page","link":"https:\/\/acsrpl.com\/es\/contact\/","title":{"rendered":"Contacto"},"content":{"rendered":"<p>[vc_row css=&#8221;.vc_custom_1755967521293{border-bottom-width: 1px !important;padding-top: 40px !important;padding-bottom: 40px !important;border-bottom-color: #1c2226 !important;border-bottom-style: solid !important;}&#8221; responsive_css=&#8221;padding_top_large:60px|padding_bottom_large:60px&#8221;][vc_column ca_init_scale_z=&#8221;1&#8243; ca_an_scale_z=&#8221;1&#8243; offset=&#8221;vc_col-md-12&#8243;]<style>.ld_fancy_heading_69eb96ccf24df h1 {font-size:36px; } @media (min-width: 768px) { .ld_fancy_heading_69eb96ccf24df h1 {font-size:60px; }  } @media (min-width: 992px) { .ld_fancy_heading_69eb96ccf24df h1 {font-size:80px; }  } @media (min-width: 1200px) { .ld_fancy_heading_69eb96ccf24df h1 {font-size:100px; }  } .ld_fancy_heading_69eb96ccf24df h1 {line-height:1em; } .ld_fancy_heading_69eb96ccf24df h1 {--element-line-height:1em; } .ld_fancy_heading_69eb96ccf24df h1 {margin-bottom:0.25em !important;  } .ld_fancy_heading_69eb96ccf24df .lqd-highlight-inner{height:0.275em!important;bottom:0px!important;}.ld_fancy_heading_69eb96ccf24df h1 {font-size:36px; } @media (min-width: 768px) { .ld_fancy_heading_69eb96ccf24df h1 {font-size:60px; }  } @media (min-width: 992px) { .ld_fancy_heading_69eb96ccf24df h1 {font-size:80px; }  } @media (min-width: 1200px) { .ld_fancy_heading_69eb96ccf24df h1 {font-size:100px; }  } .ld_fancy_heading_69eb96ccf24df h1 {line-height:1em; } .ld_fancy_heading_69eb96ccf24df h1 {--element-line-height:1em; } .ld_fancy_heading_69eb96ccf24df h1 {margin-bottom:0.25em !important;  } <\/style><div class=\"ld-fancy-heading ld_fancy_heading_69eb96ccf24df\">\n\t<h1 class=\"ld-fh-element lqd-highlight-underline lqd-highlight-grow-left text-decoration-default\"   >  Cont\u00e1ctenos.<\/h1><\/div><style>.ld_fancy_heading_69eb96ccf280f .lqd-highlight-inner{height:0.275em!important;bottom:0px!important;}<\/style><div class=\"ld-fancy-heading ld_fancy_heading_69eb96ccf280f\">\n\t<p class=\"ld-fh-element lqd-highlight-underline lqd-highlight-grow-left text-decoration-default\"   >  Estamos aqu\u00ed para hacer que su experiencia con ACS RPL sea fluida, exitosa y libre de estr\u00e9s. Ya sea que tenga alguna pregunta sobre nuestro proceso de redacci\u00f3n, desee discutir su experiencia en TIC, o est\u00e9 listo para comenzar su proyecto RPL para cualquier c\u00f3digo ANZSCO, nuestro equipo de expertos est\u00e1 a un mensaje de distancia. Entendemos la urgencia e importancia de una evaluaci\u00f3n de migraci\u00f3n exitosa, por lo que proporcionamos una comunicaci\u00f3n clara y respuestas r\u00e1pidas en cada paso.<\/p><\/div>[\/vc_column][\/vc_row][vc_row full_width=&#8221;stretch_row&#8221; gap=&#8221;0&#8243; equal_height=&#8221;yes&#8221; data_tooltip=&#8221;Coast Drone&#8221; responsive_css=&#8221;margin_top_medium:0px|margin_bottom_medium:0px&#8221;][vc_column width=&#8221;1\/2&#8243; responsive_css=&#8221;padding_top_medium:60px|padding_right_medium:5vmax|padding_bottom_medium:60px|padding_left_medium:5vmax|padding_top_small:60px|padding_bottom_small:60px&#8221; css=&#8221;.vc_custom_1753771542177{padding-top: 60px !important;padding-right: 15px !important;padding-bottom: 60px !important;padding-left: 15px !important;}&#8221;]<style>.ld_fancy_heading_69eb96ccf2a3c h2 {font-size:30px; } @media (min-width: 768px) { .ld_fancy_heading_69eb96ccf2a3c h2 {font-size:60px; }  } @media (min-width: 992px) { .ld_fancy_heading_69eb96ccf2a3c h2 {font-size:40px; }  } @media (min-width: 1200px) { .ld_fancy_heading_69eb96ccf2a3c h2 {font-size:38px; }  } .ld_fancy_heading_69eb96ccf2a3c h2 {line-height:1em; } .ld_fancy_heading_69eb96ccf2a3c h2 {--element-line-height:1em; } .ld_fancy_heading_69eb96ccf2a3c h2 {margin-top:0.15em !important; margin-bottom:0.2em !important;  } .ld_fancy_heading_69eb96ccf2a3c .lqd-highlight-inner{height:0.275em!important;bottom:0px!important;}.ld_fancy_heading_69eb96ccf2a3c h2 {font-size:30px; } @media (min-width: 768px) { .ld_fancy_heading_69eb96ccf2a3c h2 {font-size:60px; }  } @media (min-width: 992px) { .ld_fancy_heading_69eb96ccf2a3c h2 {font-size:40px; }  } @media (min-width: 1200px) { .ld_fancy_heading_69eb96ccf2a3c h2 {font-size:38px; }  } .ld_fancy_heading_69eb96ccf2a3c h2 {line-height:1em; } .ld_fancy_heading_69eb96ccf2a3c h2 {--element-line-height:1em; } .ld_fancy_heading_69eb96ccf2a3c h2 {margin-top:0.15em !important; margin-bottom:0.2em !important;  } <\/style><div class=\"ld-fancy-heading ld_fancy_heading_69eb96ccf2a3c\">\n\t<h2 class=\"ld-fh-element lqd-highlight-underline lqd-highlight-grow-left text-decoration-default\"   >  Obtenga orientaci\u00f3n experta y soporte r\u00e1pido para sus necesidades de RPL.<\/h2><\/div><style>.ld_spacer_69eb96ccf2be5{height:32px;}<\/style>\n<div class=\"ld-empty-space ld_spacer_69eb96ccf2be5\"><\/div><style>.ld_fancy_heading_69eb96ccf2d56 .lqd-highlight-inner{height:0.275em!important;bottom:0px!important;}<\/style><div class=\"ld-fancy-heading ld_fancy_heading_69eb96ccf2d56\">\n\t<p class=\"ld-fh-element lqd-highlight-underline lqd-highlight-grow-left text-decoration-default\"   >  P\u00f3ngase en contacto usando el formulario de contacto, env\u00edenos un correo electr\u00f3nico. Toda la informaci\u00f3n que comparta con nosotros se mantiene estrictamente confidencial y solo se utiliza para brindarle la mejor orientaci\u00f3n posible para su presentaci\u00f3n de RPL ante la ACS. No espere. Permita que nuestros consultores expertos le gu\u00eden hacia sus objetivos de migraci\u00f3n a Australia con un servicio personalizado, fiable y profesional. \u00a1Esperamos ayudarle a lograr el \u00e9xito!<\/p><\/div><style>.ld_fancy_heading_69eb96ccf2fa4 h2 {font-size:30px; } @media (min-width: 992px) { .ld_fancy_heading_69eb96ccf2fa4 h2 {padding-right:14% !important;  }  } .ld_fancy_heading_69eb96ccf2fa4 h2 {margin-bottom:0.5em !important;  } .ld_fancy_heading_69eb96ccf2fa4 .lqd-highlight-inner{height:0.275em!important;bottom:0px!important;}.ld_fancy_heading_69eb96ccf2fa4 h2 {font-size:30px; } @media (min-width: 992px) { .ld_fancy_heading_69eb96ccf2fa4 h2 {padding-right:14% !important;  }  } .ld_fancy_heading_69eb96ccf2fa4 h2 {margin-bottom:0.5em !important;  } <\/style><div class=\"ld-fancy-heading ld_fancy_heading_69eb96ccf2fa4\">\n\t<h2 class=\"ld-fh-element lqd-highlight-underline lqd-highlight-grow-left text-decoration-default\"   >  Enviar un correo electr\u00f3nico.<\/h2><\/div><style>.ld_fancy_heading_69eb96ccf31cb p {font-size:18px; } .ld_fancy_heading_69eb96ccf31cb p {margin-bottom:0.1em !important;  } .ld_fancy_heading_69eb96ccf31cb .lqd-highlight-inner{height:0.275em!important;bottom:0px!important;}.ld_fancy_heading_69eb96ccf31cb p {font-size:18px; } .ld_fancy_heading_69eb96ccf31cb p {margin-bottom:0.1em !important;  } <\/style><div class=\"ld-fancy-heading ld_fancy_heading_69eb96ccf31cb\">\n\t<p class=\"ld-fh-element lqd-highlight-underline lqd-highlight-grow-left text-decoration-default\"   >  <strong>Consultas: <\/strong><a href=\"mailto:hello@acsrpl.com\">hello@acsrpl.com<\/a><\/p><\/div><style>.ld_fancy_heading_69eb96ccf349e p {font-size:18px; } .ld_fancy_heading_69eb96ccf349e p {margin-bottom:0.1em !important;  } .ld_fancy_heading_69eb96ccf349e .lqd-highlight-inner{height:0.275em!important;bottom:0px!important;}.ld_fancy_heading_69eb96ccf349e p {font-size:18px; } .ld_fancy_heading_69eb96ccf349e p {margin-bottom:0.1em !important;  } <\/style><div class=\"ld-fancy-heading ld_fancy_heading_69eb96ccf349e\">\n\t<p class=\"ld-fh-element lqd-highlight-underline lqd-highlight-grow-left text-decoration-default\"   >  <strong>Apoyo: <\/strong><a href=\"mailto:support@acsrpl.com\">support@acsrpl.com<\/a><\/p><\/div>[\/vc_column][vc_column width=&#8221;1\/2&#8243; responsive_css=&#8221;border_top_large:0px|border_bottom_large:0px|border_left_large:1px|border_top_medium:0px|border_bottom_medium:0px|border_left_medium:1px|padding_top_medium:60px|padding_right_medium:5vmax|padding_bottom_medium:60px|padding_left_medium:5vmax|border_top_small:0px|border_bottom_small:0px|border_left_small:1px|padding_top_small:60px|padding_bottom_small:60px&#8221; css=&#8221;.vc_custom_1755967538131{border-top-width: 1px !important;border-bottom-width: 0px !important;border-left-width: 0px !important;padding-top: 60px !important;padding-right: 15px !important;padding-bottom: 60px !important;padding-left: 15px !important;border-left-color: #1c2226 !important;border-left-style: solid !important;border-top-color: #1c2226 !important;border-top-style: solid !important;border-bottom-color: #1c2226 !important;border-bottom-style: solid !important;}&#8221;]<style>.ld_fancy_heading_69eb96ccf370c h2 {font-size:30px; } @media (min-width: 992px) { .ld_fancy_heading_69eb96ccf370c h2 {padding-right:14% !important;  }  } .ld_fancy_heading_69eb96ccf370c h2 {margin-bottom:1.1em !important;  } .ld_fancy_heading_69eb96ccf370c .lqd-highlight-inner{height:0.275em!important;bottom:0px!important;}.ld_fancy_heading_69eb96ccf370c h2 {font-size:30px; } @media (min-width: 992px) { .ld_fancy_heading_69eb96ccf370c h2 {padding-right:14% !important;  }  } .ld_fancy_heading_69eb96ccf370c h2 {margin-bottom:1.1em !important;  } <\/style><div class=\"ld-fancy-heading ld_fancy_heading_69eb96ccf370c\">\n\t<h2 class=\"ld-fh-element lqd-highlight-underline lqd-highlight-grow-left text-decoration-default\"   >  Enviar un mensaje.<\/h2><\/div><style>.ld_cf7_69eb96ccf38be input,.ld_cf7_69eb96ccf38be textarea,.ld_cf7_69eb96ccf38be .ui-button.ui-selectmenu-button{font-size:14px;font-weight:400;}.ld_cf7_69eb96ccf38be input[type=\"submit\"]{font-size:16px;font-weight:700;background:rgb(82, 103, 171);color:rgb(28, 34, 38);}.ld_cf7_69eb96ccf38be input, .ld_cf7_69eb96ccf38be select, .ld_cf7_69eb96ccf38be textarea, .ld_cf7_69eb96ccf38be .ui-button.ui-selectmenu-button, .ld_cf7_69eb96ccf38be .wpcf7-form-control-wrap > i, .ld_cf7_69eb96ccf38be .wpcf7-radio{color:rgb(28, 34, 38);}.ld_cf7_69eb96ccf38be input:focus, .ld_cf7_69eb96ccf38be select:focus, .ld_cf7_69eb96ccf38be textarea:focus, .ld_cf7_69eb96ccf38be .ui-button.ui-selectmenu-button:hover, .wpcf7-acceptance .wpcf7-list-item-label:after{color:rgb(28, 34, 38);}.ld_cf7_69eb96ccf38be input, .ld_cf7_69eb96ccf38be select, .ld_cf7_69eb96ccf38be textarea, .ld_cf7_69eb96ccf38be .ui-button.ui-selectmenu-button, .ld_cf7_69eb96ccf38be .wpcf7-acceptance .wpcf7-list-item-label:before{border-color:rgb(28, 34, 38);}.ld_cf7_69eb96ccf38be input:focus, .ld_cf7_69eb96ccf38be select:focus, .ld_cf7_69eb96ccf38be textarea:focus, .ld_cf7_69eb96ccf38be .ui-button.ui-selectmenu-button:hover{border-color:rgb(28, 34, 38);}.ld_cf7_69eb96ccf38be input[type=\"submit\"]:focus,.ld_cf7_69eb96ccf38be input[type=\"submit\"]:hover{background:rgb(28, 34, 38);}.ld_cf7_69eb96ccf38be input[type=\"submit\"]:hover{color:rgb(82, 103, 171);}.ld_cf7_69eb96ccf38be .wpcf7-form-control-wrap{margin-bottom:20px;}<\/style><div id=\"ld_cf7_69eb96ccf38be\" class=\"lqd-contact-form lqd-contact-form-inputs-lg lqd-contact-form-inputs-underlined lqd-contact-form-button-md lqd-contact-form-button-block lqd-contact-form-button-round ld_cf7_69eb96ccf38be vc_custom_1755967831395\">\n\t\n<div class=\"wpcf7 no-js\" id=\"wpcf7-f5678-o1\" lang=\"en-US\" dir=\"ltr\" data-wpcf7-id=\"5678\">\n<div class=\"screen-reader-response\"><p role=\"status\" aria-live=\"polite\" aria-atomic=\"true\"><\/p> <ul><\/ul><\/div>\n<form action=\"\/es\/wp-json\/wp\/v2\/pages\/5594#wpcf7-f5678-o1\" method=\"post\" class=\"wpcf7-form init\" aria-label=\"Contact form\" novalidate=\"novalidate\" data-status=\"init\">\n<fieldset class=\"hidden-fields-container\"><input type=\"hidden\" name=\"_wpcf7\" value=\"5678\" \/><input type=\"hidden\" name=\"_wpcf7_version\" value=\"6.1.5\" \/><input type=\"hidden\" name=\"_wpcf7_locale\" value=\"en_US\" \/><input type=\"hidden\" name=\"_wpcf7_unit_tag\" value=\"wpcf7-f5678-o1\" \/><input type=\"hidden\" name=\"_wpcf7_container_post\" value=\"0\" \/><input type=\"hidden\" name=\"_wpcf7_posted_data_hash\" value=\"\" \/><input type=\"hidden\" name=\"_wpcf7_recaptcha_response\" value=\"\" \/>\n<\/fieldset>\n<div class=\"col-md-6\">\n\t<p><span class=\"wpcf7-form-control-wrap\" data-name=\"text-540\"><input size=\"40\" maxlength=\"400\" class=\"wpcf7-form-control wpcf7-text wpcf7-validates-as-required\" aria-required=\"true\" aria-invalid=\"false\" placeholder=\"Nombre completo\" value=\"\" type=\"text\" name=\"text-540\" \/><\/span>\n\t<\/p>\n<\/div>\n<div class=\"col-md-6\">\n\t<p><span class=\"wpcf7-form-control-wrap\" data-name=\"email-697\"><input size=\"40\" maxlength=\"400\" class=\"wpcf7-form-control wpcf7-email wpcf7-validates-as-required wpcf7-text wpcf7-validates-as-email\" aria-required=\"true\" aria-invalid=\"false\" placeholder=\"Correo electr\u00f3nico\" value=\"\" type=\"email\" name=\"email-697\" \/><\/span>\n\t<\/p>\n<\/div>\n<div class=\"col-md-12\">\n\t<p><span class=\"wpcf7-form-control-wrap\" data-name=\"text-682\"><input size=\"40\" maxlength=\"400\" class=\"wpcf7-form-control wpcf7-text wpcf7-validates-as-required\" aria-required=\"true\" aria-invalid=\"false\" placeholder=\"C\u00f3digos ANZSCO\" value=\"\" type=\"text\" name=\"text-682\" \/><\/span>\n\t<\/p>\n<\/div>\n<div class=\"col-md-12\">\n\t<p><span class=\"wpcf7-form-control-wrap\" data-name=\"textarea-54\"><textarea cols=\"10\" rows=\"4\" maxlength=\"2000\" class=\"wpcf7-form-control wpcf7-textarea wpcf7-validates-as-required\" aria-required=\"true\" aria-invalid=\"false\" placeholder=\"Mensaje\" name=\"textarea-54\"><\/textarea><\/span>\n\t<\/p>\n<\/div>\n<!-- <div class=\"col-md-12\">\n<span class=\"wpcf7-form-control-wrap\" data-name=\"mfile-670\"><input size=\"40\" class=\"wpcf7-form-control wpcf7-drag-n-drop-file d-none\" aria-invalid=\"false\" type=\"file\" multiple=\"multiple\" data-name=\"mfile-670\" data-type=\"doc|docx|pdf\" data-min=\"1\" data-max=\"2\" data-id=\"5678\" data-version=\"free version 1.3.9.7\" accept=\".doc, .docx, .pdf\" \/><\/span>\n<\/div> -->\n<div class=\"col-md-12\">\n\t<p><input class=\"wpcf7-form-control wpcf7-submit has-spinner\" type=\"submit\" value=\"Enviar mensaje\" \/>\n\t<\/p>\n<\/div><p style=\"display: none !important;\" class=\"akismet-fields-container\" data-prefix=\"_wpcf7_ak_\"><label>&#916;<textarea name=\"_wpcf7_ak_hp_textarea\" cols=\"45\" rows=\"8\" maxlength=\"100\"><\/textarea><\/label><input type=\"hidden\" id=\"ak_js_1\" name=\"_wpcf7_ak_js\" value=\"231\"\/><script>document.getElementById( \"ak_js_1\" ).setAttribute( \"value\", ( new Date() ).getTime() );<\/script><\/p><div class=\"wpcf7-response-output\" aria-hidden=\"true\"><\/div>\n<\/form>\n<\/div>\n<\/div>[\/vc_column][\/vc_row]<\/p>\n","protected":false},"excerpt":{"rendered":"<p>[vc_row css=&#8221;.vc_custom_1755967521293{border-bottom-width: 1px !important;padding-top: 40px !important;padding-bottom: 40px !important;border-bottom-color: #1c2226 !important;border-bottom-style: solid !important;}&#8221; responsive_css=&#8221;padding_top_large:60px|padding_bottom_large:60px&#8221;][vc_column ca_init_scale_z=&#8221;1&#8243; ca_an_scale_z=&#8221;1&#8243; offset=&#8221;vc_col-md-12&#8243;][\/vc_column][\/vc_row][vc_row full_width=&#8221;stretch_row&#8221; gap=&#8221;0&#8243; equal_height=&#8221;yes&#8221; data_tooltip=&#8221;Coast Drone&#8221; responsive_css=&#8221;margin_top_medium:0px|margin_bottom_medium:0px&#8221;][vc_column width=&#8221;1\/2&#8243; responsive_css=&#8221;padding_top_medium:60px|padding_right_medium:5vmax|padding_bottom_medium:60px|padding_left_medium:5vmax|padding_top_small:60px|padding_bottom_small:60px&#8221; css=&#8221;.vc_custom_1753771542177{padding-top: 60px !important;padding-right: 15px !important;padding-bottom: 60px !important;padding-left: 15px !important;}&#8221;][\/vc_column][vc_column width=&#8221;1\/2&#8243; responsive_css=&#8221;border_top_large:0px|border_bottom_large:0px|border_left_large:1px|border_top_medium:0px|border_bottom_medium:0px|border_left_medium:1px|padding_top_medium:60px|padding_right_medium:5vmax|padding_bottom_medium:60px|padding_left_medium:5vmax|border_top_small:0px|border_bottom_small:0px|border_left_small:1px|padding_top_small:60px|padding_bottom_small:60px&#8221; css=&#8221;.vc_custom_1755967538131{border-top-width: 1px !important;border-bottom-width: 0px !important;border-left-width: 0px !important;padding-top: 60px !important;padding-right: 15px !important;padding-bottom: 60px !important;padding-left: 15px !important;border-left-color: #1c2226 !important;border-left-style: solid !important;border-top-color: #1c2226 [&hellip;]<\/p>\n","protected":false},"author":1,"featured_media":0,"parent":0,"menu_order":0,"comment_status":"closed","ping_status":"closed","template":"","meta":{"footnotes":""},"class_list":["post-5594","page","type-page","status-publish","hentry"],"yoast_head":"<!-- This site is optimized with the Yoast SEO plugin v27.4 - https:\/\/yoast.com\/product\/yoast-seo-wordpress\/ -->\n<title>Contacto - Formulario de Informes de Proyectos RPL de ACS<\/title>\n<meta name=\"robots\" content=\"index, follow, max-snippet:-1, max-image-preview:large, max-video-preview:-1\" \/>\n<link rel=\"canonical\" href=\"https:\/\/acsrpl.com\/es\/contact\/\" \/>\n<meta property=\"og:locale\" content=\"es_ES\" \/>\n<meta property=\"og:type\" content=\"article\" \/>\n<meta property=\"og:title\" content=\"Contacto - Formulario de Informes de Proyectos RPL de ACS\" \/>\n<meta property=\"og:description\" content=\"[vc_row css=&#8221;.vc_custom_1755967521293{border-bottom-width: 1px !important;padding-top: 40px !important;padding-bottom: 40px !important;border-bottom-color: #1c2226 !important;border-bottom-style: solid !important;}&#8221; responsive_css=&#8221;padding_top_large:60px|padding_bottom_large:60px&#8221;][vc_column ca_init_scale_z=&#8221;1&#8243; ca_an_scale_z=&#8221;1&#8243; offset=&#8221;vc_col-md-12&#8243;][\/vc_column][\/vc_row][vc_row full_width=&#8221;stretch_row&#8221; gap=&#8221;0&#8243; equal_height=&#8221;yes&#8221; data_tooltip=&#8221;Coast Drone&#8221; responsive_css=&#8221;margin_top_medium:0px|margin_bottom_medium:0px&#8221;][vc_column width=&#8221;1\/2&#8243; responsive_css=&#8221;padding_top_medium:60px|padding_right_medium:5vmax|padding_bottom_medium:60px|padding_left_medium:5vmax|padding_top_small:60px|padding_bottom_small:60px&#8221; css=&#8221;.vc_custom_1753771542177{padding-top: 60px !important;padding-right: 15px !important;padding-bottom: 60px !important;padding-left: 15px !important;}&#8221;][\/vc_column][vc_column width=&#8221;1\/2&#8243; responsive_css=&#8221;border_top_large:0px|border_bottom_large:0px|border_left_large:1px|border_top_medium:0px|border_bottom_medium:0px|border_left_medium:1px|padding_top_medium:60px|padding_right_medium:5vmax|padding_bottom_medium:60px|padding_left_medium:5vmax|border_top_small:0px|border_bottom_small:0px|border_left_small:1px|padding_top_small:60px|padding_bottom_small:60px&#8221; css=&#8221;.vc_custom_1755967538131{border-top-width: 1px !important;border-bottom-width: 0px !important;border-left-width: 0px !important;padding-top: 60px !important;padding-right: 15px !important;padding-bottom: 60px !important;padding-left: 15px !important;border-left-color: #1c2226 !important;border-left-style: solid !important;border-top-color: #1c2226 [&hellip;]\" \/>\n<meta property=\"og:url\" content=\"https:\/\/acsrpl.com\/es\/contact\/\" \/>\n<meta property=\"og:site_name\" content=\"Formulario de Informes de Proyectos RPL de ACS\" \/>\n<meta property=\"article:modified_time\" content=\"2025-09-02T11:15:06+00:00\" \/>\n<meta name=\"twitter:card\" content=\"summary_large_image\" \/>\n<meta name=\"twitter:label1\" content=\"Tiempo de lectura\" \/>\n\t<meta name=\"twitter:data1\" content=\"2 minutos\" \/>\n<script type=\"application\/ld+json\" class=\"yoast-schema-graph\">{\"@context\":\"https:\\\/\\\/schema.org\",\"@graph\":[{\"@type\":\"WebPage\",\"@id\":\"https:\\\/\\\/acsrpl.com\\\/es\\\/contact\\\/\",\"url\":\"https:\\\/\\\/acsrpl.com\\\/es\\\/contact\\\/\",\"name\":\"Contacto - Formulario de Informes de Proyectos RPL de ACS\",\"isPartOf\":{\"@id\":\"https:\\\/\\\/acsrpl.com\\\/es\\\/#website\"},\"datePublished\":\"2025-07-30T06:56:13+00:00\",\"dateModified\":\"2025-09-02T11:15:06+00:00\",\"breadcrumb\":{\"@id\":\"https:\\\/\\\/acsrpl.com\\\/es\\\/contact\\\/#breadcrumb\"},\"inLanguage\":\"es\",\"potentialAction\":[{\"@type\":\"ReadAction\",\"target\":[\"https:\\\/\\\/acsrpl.com\\\/es\\\/contact\\\/\"]}]},{\"@type\":\"BreadcrumbList\",\"@id\":\"https:\\\/\\\/acsrpl.com\\\/es\\\/contact\\\/#breadcrumb\",\"itemListElement\":[{\"@type\":\"ListItem\",\"position\":1,\"name\":\"Home\",\"item\":\"https:\\\/\\\/acsrpl.com\\\/es\\\/\"},{\"@type\":\"ListItem\",\"position\":2,\"name\":\"Contacto\"}]},{\"@type\":\"WebSite\",\"@id\":\"https:\\\/\\\/acsrpl.com\\\/es\\\/#website\",\"url\":\"https:\\\/\\\/acsrpl.com\\\/es\\\/\",\"name\":\"Formulario de informe del proyecto ACS RPL\",\"description\":\"ACS RPL\",\"publisher\":{\"@id\":\"https:\\\/\\\/acsrpl.com\\\/es\\\/#organization\"},\"potentialAction\":[{\"@type\":\"SearchAction\",\"target\":{\"@type\":\"EntryPoint\",\"urlTemplate\":\"https:\\\/\\\/acsrpl.com\\\/es\\\/?s={search_term_string}\"},\"query-input\":{\"@type\":\"PropertyValueSpecification\",\"valueRequired\":true,\"valueName\":\"search_term_string\"}}],\"inLanguage\":\"es\"},{\"@type\":\"Organization\",\"@id\":\"https:\\\/\\\/acsrpl.com\\\/es\\\/#organization\",\"name\":\"Formulario de informe del proyecto ACS RPL\",\"alternateName\":\"ACS RPL\",\"url\":\"https:\\\/\\\/acsrpl.com\\\/es\\\/\",\"logo\":{\"@type\":\"ImageObject\",\"inLanguage\":\"es\",\"@id\":\"https:\\\/\\\/acsrpl.com\\\/es\\\/#\\\/schema\\\/logo\\\/image\\\/\",\"url\":\"https:\\\/\\\/acsrpl.com\\\/es\\\/wp-content\\\/uploads\\\/2025\\\/08\\\/logo-dark-1.png\",\"contentUrl\":\"https:\\\/\\\/acsrpl.com\\\/es\\\/wp-content\\\/uploads\\\/2025\\\/08\\\/logo-dark-1.png\",\"width\":237,\"height\":39,\"caption\":\"Formulario de informe del proyecto ACS RPL\"},\"image\":{\"@id\":\"https:\\\/\\\/acsrpl.com\\\/es\\\/#\\\/schema\\\/logo\\\/image\\\/\"}}]}<\/script>\n<!-- \/ Yoast SEO plugin. -->","yoast_head_json":{"title":"Contacto - Formulario de Informes de Proyectos RPL de ACS","robots":{"index":"index","follow":"follow","max-snippet":"max-snippet:-1","max-image-preview":"max-image-preview:large","max-video-preview":"max-video-preview:-1"},"canonical":"https:\/\/acsrpl.com\/es\/contact\/","og_locale":"es_ES","og_type":"article","og_title":"Contacto - Formulario de Informes de Proyectos RPL de ACS","og_description":"[vc_row css=&#8221;.vc_custom_1755967521293{border-bottom-width: 1px !important;padding-top: 40px !important;padding-bottom: 40px !important;border-bottom-color: #1c2226 !important;border-bottom-style: solid !important;}&#8221; responsive_css=&#8221;padding_top_large:60px|padding_bottom_large:60px&#8221;][vc_column ca_init_scale_z=&#8221;1&#8243; ca_an_scale_z=&#8221;1&#8243; offset=&#8221;vc_col-md-12&#8243;][\/vc_column][\/vc_row][vc_row full_width=&#8221;stretch_row&#8221; gap=&#8221;0&#8243; equal_height=&#8221;yes&#8221; data_tooltip=&#8221;Coast Drone&#8221; responsive_css=&#8221;margin_top_medium:0px|margin_bottom_medium:0px&#8221;][vc_column width=&#8221;1\/2&#8243; responsive_css=&#8221;padding_top_medium:60px|padding_right_medium:5vmax|padding_bottom_medium:60px|padding_left_medium:5vmax|padding_top_small:60px|padding_bottom_small:60px&#8221; css=&#8221;.vc_custom_1753771542177{padding-top: 60px !important;padding-right: 15px !important;padding-bottom: 60px !important;padding-left: 15px !important;}&#8221;][\/vc_column][vc_column width=&#8221;1\/2&#8243; responsive_css=&#8221;border_top_large:0px|border_bottom_large:0px|border_left_large:1px|border_top_medium:0px|border_bottom_medium:0px|border_left_medium:1px|padding_top_medium:60px|padding_right_medium:5vmax|padding_bottom_medium:60px|padding_left_medium:5vmax|border_top_small:0px|border_bottom_small:0px|border_left_small:1px|padding_top_small:60px|padding_bottom_small:60px&#8221; css=&#8221;.vc_custom_1755967538131{border-top-width: 1px !important;border-bottom-width: 0px !important;border-left-width: 0px !important;padding-top: 60px !important;padding-right: 15px !important;padding-bottom: 60px !important;padding-left: 15px !important;border-left-color: #1c2226 !important;border-left-style: solid !important;border-top-color: #1c2226 [&hellip;]","og_url":"https:\/\/acsrpl.com\/es\/contact\/","og_site_name":"Formulario de Informes de Proyectos RPL de ACS","article_modified_time":"2025-09-02T11:15:06+00:00","twitter_card":"summary_large_image","twitter_misc":{"Tiempo de lectura":"2 minutos"},"schema":{"@context":"https:\/\/schema.org","@graph":[{"@type":"WebPage","@id":"https:\/\/acsrpl.com\/es\/contact\/","url":"https:\/\/acsrpl.com\/es\/contact\/","name":"Contacto - Formulario de Informes de Proyectos RPL de ACS","isPartOf":{"@id":"https:\/\/acsrpl.com\/es\/#website"},"datePublished":"2025-07-30T06:56:13+00:00","dateModified":"2025-09-02T11:15:06+00:00","breadcrumb":{"@id":"https:\/\/acsrpl.com\/es\/contact\/#breadcrumb"},"inLanguage":"es","potentialAction":[{"@type":"ReadAction","target":["https:\/\/acsrpl.com\/es\/contact\/"]}]},{"@type":"BreadcrumbList","@id":"https:\/\/acsrpl.com\/es\/contact\/#breadcrumb","itemListElement":[{"@type":"ListItem","position":1,"name":"Home","item":"https:\/\/acsrpl.com\/es\/"},{"@type":"ListItem","position":2,"name":"Contacto"}]},{"@type":"WebSite","@id":"https:\/\/acsrpl.com\/es\/#website","url":"https:\/\/acsrpl.com\/es\/","name":"Formulario de informe del proyecto ACS RPL","description":"ACS RPL","publisher":{"@id":"https:\/\/acsrpl.com\/es\/#organization"},"potentialAction":[{"@type":"SearchAction","target":{"@type":"EntryPoint","urlTemplate":"https:\/\/acsrpl.com\/es\/?s={search_term_string}"},"query-input":{"@type":"PropertyValueSpecification","valueRequired":true,"valueName":"search_term_string"}}],"inLanguage":"es"},{"@type":"Organization","@id":"https:\/\/acsrpl.com\/es\/#organization","name":"Formulario de informe del proyecto ACS RPL","alternateName":"ACS RPL","url":"https:\/\/acsrpl.com\/es\/","logo":{"@type":"ImageObject","inLanguage":"es","@id":"https:\/\/acsrpl.com\/es\/#\/schema\/logo\/image\/","url":"https:\/\/acsrpl.com\/es\/wp-content\/uploads\/2025\/08\/logo-dark-1.png","contentUrl":"https:\/\/acsrpl.com\/es\/wp-content\/uploads\/2025\/08\/logo-dark-1.png","width":237,"height":39,"caption":"Formulario de informe del proyecto ACS RPL"},"image":{"@id":"https:\/\/acsrpl.com\/es\/#\/schema\/logo\/image\/"}}]}},"_links":{"self":[{"href":"https:\/\/acsrpl.com\/es\/wp-json\/wp\/v2\/pages\/5594","targetHints":{"allow":["GET"]}}],"collection":[{"href":"https:\/\/acsrpl.com\/es\/wp-json\/wp\/v2\/pages"}],"about":[{"href":"https:\/\/acsrpl.com\/es\/wp-json\/wp\/v2\/types\/page"}],"author":[{"embeddable":true,"href":"https:\/\/acsrpl.com\/es\/wp-json\/wp\/v2\/users\/1"}],"replies":[{"embeddable":true,"href":"https:\/\/acsrpl.com\/es\/wp-json\/wp\/v2\/comments?post=5594"}],"version-history":[{"count":8,"href":"https:\/\/acsrpl.com\/es\/wp-json\/wp\/v2\/pages\/5594\/revisions"}],"predecessor-version":[{"id":7183,"href":"https:\/\/acsrpl.com\/es\/wp-json\/wp\/v2\/pages\/5594\/revisions\/7183"}],"wp:attachment":[{"href":"https:\/\/acsrpl.com\/es\/wp-json\/wp\/v2\/media?parent=5594"}],"curies":[{"name":"wp","href":"https:\/\/api.w.org\/{rel}","templated":true}]}}