{"id":6166,"date":"2025-08-15T14:38:40","date_gmt":"2025-08-15T14:38:40","guid":{"rendered":"https:\/\/acsrpl.com\/?page_id=6166"},"modified":"2025-08-31T05:57:30","modified_gmt":"2025-08-31T05:57:30","slug":"order-acs-rpl-form","status":"publish","type":"page","link":"https:\/\/acsrpl.com\/es\/order-acs-rpl-form\/","title":{"rendered":"Solicitar Formulario de Informes de Proyectos RPL de ACS."},"content":{"rendered":"<p>[vc_row css=&#8221;.vc_custom_1755361186909{border-bottom-width: 1px !important;padding-top: 40px !important;padding-bottom: 40px !important;border-bottom-color: #1c2226 !important;border-bottom-style: solid !important;}&#8221; responsive_css=&#8221;padding_top_large:60px|padding_bottom_large:60px&#8221;][vc_column ca_init_scale_z=&#8221;1&#8243; ca_an_scale_z=&#8221;1&#8243; offset=&#8221;vc_col-md-12&#8243;]<style>.ld_fancy_heading_69ebaacc01cfc h1 {font-size:36px; } @media (min-width: 768px) { .ld_fancy_heading_69ebaacc01cfc h1 {font-size:60px; }  } @media (min-width: 992px) { .ld_fancy_heading_69ebaacc01cfc h1 {font-size:80px; }  } @media (min-width: 1200px) { .ld_fancy_heading_69ebaacc01cfc h1 {font-size:100px; }  } .ld_fancy_heading_69ebaacc01cfc h1 {line-height:1em; } .ld_fancy_heading_69ebaacc01cfc h1 {--element-line-height:1em; } .ld_fancy_heading_69ebaacc01cfc h1 {margin-bottom:0.25em !important;  } .ld_fancy_heading_69ebaacc01cfc .lqd-highlight-inner{height:0.275em!important;bottom:0px!important;}.ld_fancy_heading_69ebaacc01cfc h1 {font-size:36px; } @media (min-width: 768px) { .ld_fancy_heading_69ebaacc01cfc h1 {font-size:60px; }  } @media (min-width: 992px) { .ld_fancy_heading_69ebaacc01cfc h1 {font-size:80px; }  } @media (min-width: 1200px) { .ld_fancy_heading_69ebaacc01cfc h1 {font-size:100px; }  } .ld_fancy_heading_69ebaacc01cfc h1 {line-height:1em; } .ld_fancy_heading_69ebaacc01cfc h1 {--element-line-height:1em; } .ld_fancy_heading_69ebaacc01cfc h1 {margin-bottom:0.25em !important;  } <\/style><div class=\"ld-fancy-heading ld_fancy_heading_69ebaacc01cfc\">\n\t<h1 class=\"ld-fh-element lqd-highlight-underline lqd-highlight-grow-left text-decoration-default\"   >  Solicitar Formulario de Informes de Proyectos RPL de ACS.<\/h1><\/div><style>.ld_fancy_heading_69ebaacc0337a p {font-size:18px; } .ld_fancy_heading_69ebaacc0337a p {line-height:1.315em; } .ld_fancy_heading_69ebaacc0337a p {--element-line-height:1.315em; } .ld_fancy_heading_69ebaacc0337a p {margin-bottom:1.75em !important;  } .ld_fancy_heading_69ebaacc0337a .lqd-highlight-inner{height:0.275em!important;bottom:0px!important;}.ld_fancy_heading_69ebaacc0337a p {font-size:18px; } .ld_fancy_heading_69ebaacc0337a p {line-height:1.315em; } .ld_fancy_heading_69ebaacc0337a p {--element-line-height:1.315em; } .ld_fancy_heading_69ebaacc0337a p {margin-bottom:1.75em !important;  } <\/style><div class=\"ld-fancy-heading ld_fancy_heading_69ebaacc0337a\">\n\t<p class=\"ld-fh-element lqd-highlight-underline lqd-highlight-grow-left text-decoration-default\"   >  Complete su pedido a continuaci\u00f3n para comenzar con su informe RPL de ACS redactado profesionalmente. Elija su plan de entrega preferido y contin\u00fae con el pago seguro. Una vez que se confirme su pedido, se le redirigir\u00e1 a una p\u00e1gina donde podr\u00e1 enviar su CV y otra informaci\u00f3n relevante.<\/p><\/div>[\/vc_column][\/vc_row][vc_row full_width=&#8221;stretch_row&#8221; gap=&#8221;0&#8243; equal_height=&#8221;yes&#8221; data_tooltip=&#8221;Coast Drone&#8221; responsive_css=&#8221;margin_top_medium:0px|margin_bottom_medium:0px&#8221;][vc_column offset=&#8221;vc_col-md-6 vc_hidden-sm vc_hidden-xs&#8221; responsive_css=&#8221;border_bottom_medium:0px|padding_top_medium:60px|padding_right_medium:5vmax|padding_bottom_medium:60px|padding_left_medium:5vmax|padding_top_small:60px|padding_bottom_small:60px&#8221; css=&#8221;.vc_custom_1755361244330{border-bottom-width: 1px !important;padding-top: 60px !important;padding-right: 15px !important;padding-bottom: 60px !important;padding-left: 15px !important;border-bottom-style: solid !important;}&#8221;]<div id=\"ld_images_group_element_69ebaacc03c98\" class=\"lqd-imggrp-single ld_images_group_element_69ebaacc03c98\" data-roundness=\"8\"  >\n\t\n\t<div class=\"lqd-imggrp-img-container\"    >\n\t\t\n\t\t\t\t\n\t\t\t\t<figure ><img decoding=\"async\" width=\"1000\" height=\"1100\" src=\"https:\/\/acsrpl.com\/es\/wp-content\/uploads\/2025\/08\/55662-1000x1100.jpg\" srcset=\"\" class=\"\" alt=\"\" itemprop=\"image\" \/><\/figure>\t\t\t\t\t\t\t\t\n\t<\/div><!-- \/.lqd-imggrp-content -->\n<\/div><!-- \/.lqd-imggrp-single -->[\/vc_column][vc_column offset=&#8221;vc_col-md-6&#8243; responsive_css=&#8221;border_left_medium:1px|padding_top_medium:60px|padding_right_medium:5vmax|padding_bottom_medium:60px|padding_left_medium:5vmax|border_left_small:0px|padding_top_small:60px|padding_bottom_small:60px&#8221; css=&#8221;.vc_custom_1755361254360{border-left-width: 0px !important;padding-top: 60px !important;padding-right: 15px !important;padding-bottom: 60px !important;padding-left: 15px !important;border-left-color: #1c2226 !important;border-left-style: solid !important;}&#8221;][vc_raw_html]JTNDZGl2JTIwaWQlM0QlMjJwYXlwYWwtY29udGFpbmVyLVhDSEQzUzVIR0ZQSzYlMjIlM0UlM0MlMkZkaXYlM0UlMEElM0NzY3JpcHQlM0UlMEElMjAlMjBwYXlwYWwuSG9zdGVkQnV0dG9ucyUyOCU3QiUwQSUyMCUyMCUyMCUyMGhvc3RlZEJ1dHRvbklkJTNBJTIwJTIyWENIRDNTNUhHRlBLNiUyMiUyQyUwQSUyMCUyMCU3RCUyOS5yZW5kZXIlMjglMjIlMjNwYXlwYWwtY29udGFpbmVyLVhDSEQzUzVIR0ZQSzYlMjIlMjklMEElM0MlMkZzY3JpcHQlM0U=[\/vc_raw_html][\/vc_column][\/vc_row]<\/p>\n","protected":false},"excerpt":{"rendered":"<p>[vc_row css=&#8221;.vc_custom_1755361186909{border-bottom-width: 1px !important;padding-top: 40px !important;padding-bottom: 40px !important;border-bottom-color: #1c2226 !important;border-bottom-style: solid !important;}&#8221; responsive_css=&#8221;padding_top_large:60px|padding_bottom_large:60px&#8221;][vc_column ca_init_scale_z=&#8221;1&#8243; ca_an_scale_z=&#8221;1&#8243; offset=&#8221;vc_col-md-12&#8243;][\/vc_column][\/vc_row][vc_row full_width=&#8221;stretch_row&#8221; gap=&#8221;0&#8243; equal_height=&#8221;yes&#8221; data_tooltip=&#8221;Coast Drone&#8221; responsive_css=&#8221;margin_top_medium:0px|margin_bottom_medium:0px&#8221;][vc_column offset=&#8221;vc_col-md-6 vc_hidden-sm vc_hidden-xs&#8221; responsive_css=&#8221;border_bottom_medium:0px|padding_top_medium:60px|padding_right_medium:5vmax|padding_bottom_medium:60px|padding_left_medium:5vmax|padding_top_small:60px|padding_bottom_small:60px&#8221; css=&#8221;.vc_custom_1755361244330{border-bottom-width: 1px !important;padding-top: 60px !important;padding-right: 15px !important;padding-bottom: 60px !important;padding-left: 15px !important;border-bottom-style: solid !important;}&#8221;][\/vc_column][vc_column offset=&#8221;vc_col-md-6&#8243; responsive_css=&#8221;border_left_medium:1px|padding_top_medium:60px|padding_right_medium:5vmax|padding_bottom_medium:60px|padding_left_medium:5vmax|border_left_small:0px|padding_top_small:60px|padding_bottom_small:60px&#8221; css=&#8221;.vc_custom_1755361254360{border-left-width: 0px !important;padding-top: 60px !important;padding-right: 15px !important;padding-bottom: 60px !important;padding-left: 15px !important;border-left-color: #1c2226 !important;border-left-style: solid [&hellip;]<\/p>\n","protected":false},"author":1,"featured_media":0,"parent":0,"menu_order":0,"comment_status":"closed","ping_status":"closed","template":"","meta":{"footnotes":""},"class_list":["post-6166","page","type-page","status-publish","hentry"],"yoast_head":"<!-- This site is optimized with the Yoast SEO plugin v27.4 - https:\/\/yoast.com\/product\/yoast-seo-wordpress\/ -->\n<title>Solicitar Formulario de Informes de Proyectos RPL de ACS. - Formulario de Informes de Proyectos RPL de ACS<\/title>\n<meta name=\"robots\" content=\"index, follow, max-snippet:-1, max-image-preview:large, max-video-preview:-1\" \/>\n<link rel=\"canonical\" href=\"https:\/\/acsrpl.com\/es\/order-acs-rpl-form\/\" \/>\n<meta property=\"og:locale\" content=\"es_ES\" \/>\n<meta property=\"og:type\" content=\"article\" \/>\n<meta property=\"og:title\" content=\"Solicitar Formulario de Informes de Proyectos RPL de ACS. - Formulario de Informes de Proyectos RPL de ACS\" \/>\n<meta property=\"og:description\" content=\"[vc_row css=&#8221;.vc_custom_1755361186909{border-bottom-width: 1px !important;padding-top: 40px !important;padding-bottom: 40px !important;border-bottom-color: #1c2226 !important;border-bottom-style: solid !important;}&#8221; responsive_css=&#8221;padding_top_large:60px|padding_bottom_large:60px&#8221;][vc_column ca_init_scale_z=&#8221;1&#8243; ca_an_scale_z=&#8221;1&#8243; offset=&#8221;vc_col-md-12&#8243;][\/vc_column][\/vc_row][vc_row full_width=&#8221;stretch_row&#8221; gap=&#8221;0&#8243; equal_height=&#8221;yes&#8221; data_tooltip=&#8221;Coast Drone&#8221; responsive_css=&#8221;margin_top_medium:0px|margin_bottom_medium:0px&#8221;][vc_column offset=&#8221;vc_col-md-6 vc_hidden-sm vc_hidden-xs&#8221; responsive_css=&#8221;border_bottom_medium:0px|padding_top_medium:60px|padding_right_medium:5vmax|padding_bottom_medium:60px|padding_left_medium:5vmax|padding_top_small:60px|padding_bottom_small:60px&#8221; css=&#8221;.vc_custom_1755361244330{border-bottom-width: 1px !important;padding-top: 60px !important;padding-right: 15px !important;padding-bottom: 60px !important;padding-left: 15px !important;border-bottom-style: solid !important;}&#8221;][\/vc_column][vc_column offset=&#8221;vc_col-md-6&#8243; responsive_css=&#8221;border_left_medium:1px|padding_top_medium:60px|padding_right_medium:5vmax|padding_bottom_medium:60px|padding_left_medium:5vmax|border_left_small:0px|padding_top_small:60px|padding_bottom_small:60px&#8221; css=&#8221;.vc_custom_1755361254360{border-left-width: 0px !important;padding-top: 60px !important;padding-right: 15px !important;padding-bottom: 60px !important;padding-left: 15px !important;border-left-color: #1c2226 !important;border-left-style: solid [&hellip;]\" \/>\n<meta property=\"og:url\" content=\"https:\/\/acsrpl.com\/es\/order-acs-rpl-form\/\" \/>\n<meta property=\"og:site_name\" content=\"Formulario de Informes de Proyectos RPL de ACS\" \/>\n<meta property=\"article:modified_time\" content=\"2025-08-31T05:57:30+00:00\" \/>\n<meta name=\"twitter:card\" content=\"summary_large_image\" \/>\n<meta name=\"twitter:label1\" content=\"Tiempo de lectura\" \/>\n\t<meta name=\"twitter:data1\" content=\"1 minuto\" \/>\n<script type=\"application\/ld+json\" class=\"yoast-schema-graph\">{\"@context\":\"https:\\\/\\\/schema.org\",\"@graph\":[{\"@type\":\"WebPage\",\"@id\":\"https:\\\/\\\/acsrpl.com\\\/es\\\/order-acs-rpl-form\\\/\",\"url\":\"https:\\\/\\\/acsrpl.com\\\/es\\\/order-acs-rpl-form\\\/\",\"name\":\"Solicitar Formulario de Informes de Proyectos RPL de ACS. - Formulario de Informes de Proyectos RPL de ACS\",\"isPartOf\":{\"@id\":\"https:\\\/\\\/acsrpl.com\\\/es\\\/#website\"},\"datePublished\":\"2025-08-15T14:38:40+00:00\",\"dateModified\":\"2025-08-31T05:57:30+00:00\",\"breadcrumb\":{\"@id\":\"https:\\\/\\\/acsrpl.com\\\/es\\\/order-acs-rpl-form\\\/#breadcrumb\"},\"inLanguage\":\"es\",\"potentialAction\":[{\"@type\":\"ReadAction\",\"target\":[\"https:\\\/\\\/acsrpl.com\\\/es\\\/order-acs-rpl-form\\\/\"]}]},{\"@type\":\"BreadcrumbList\",\"@id\":\"https:\\\/\\\/acsrpl.com\\\/es\\\/order-acs-rpl-form\\\/#breadcrumb\",\"itemListElement\":[{\"@type\":\"ListItem\",\"position\":1,\"name\":\"Home\",\"item\":\"https:\\\/\\\/acsrpl.com\\\/es\\\/\"},{\"@type\":\"ListItem\",\"position\":2,\"name\":\"Solicitar Formulario de Informes de Proyectos RPL de ACS.\"}]},{\"@type\":\"WebSite\",\"@id\":\"https:\\\/\\\/acsrpl.com\\\/es\\\/#website\",\"url\":\"https:\\\/\\\/acsrpl.com\\\/es\\\/\",\"name\":\"Formulario de informe del proyecto ACS RPL\",\"description\":\"ACS RPL\",\"publisher\":{\"@id\":\"https:\\\/\\\/acsrpl.com\\\/es\\\/#organization\"},\"potentialAction\":[{\"@type\":\"SearchAction\",\"target\":{\"@type\":\"EntryPoint\",\"urlTemplate\":\"https:\\\/\\\/acsrpl.com\\\/es\\\/?s={search_term_string}\"},\"query-input\":{\"@type\":\"PropertyValueSpecification\",\"valueRequired\":true,\"valueName\":\"search_term_string\"}}],\"inLanguage\":\"es\"},{\"@type\":\"Organization\",\"@id\":\"https:\\\/\\\/acsrpl.com\\\/es\\\/#organization\",\"name\":\"Formulario de informe del proyecto ACS RPL\",\"alternateName\":\"ACS RPL\",\"url\":\"https:\\\/\\\/acsrpl.com\\\/es\\\/\",\"logo\":{\"@type\":\"ImageObject\",\"inLanguage\":\"es\",\"@id\":\"https:\\\/\\\/acsrpl.com\\\/es\\\/#\\\/schema\\\/logo\\\/image\\\/\",\"url\":\"https:\\\/\\\/acsrpl.com\\\/es\\\/wp-content\\\/uploads\\\/2025\\\/08\\\/logo-dark-1.png\",\"contentUrl\":\"https:\\\/\\\/acsrpl.com\\\/es\\\/wp-content\\\/uploads\\\/2025\\\/08\\\/logo-dark-1.png\",\"width\":237,\"height\":39,\"caption\":\"Formulario de informe del proyecto ACS RPL\"},\"image\":{\"@id\":\"https:\\\/\\\/acsrpl.com\\\/es\\\/#\\\/schema\\\/logo\\\/image\\\/\"}}]}<\/script>\n<!-- \/ Yoast SEO plugin. -->","yoast_head_json":{"title":"Solicitar Formulario de Informes de Proyectos RPL de ACS. - Formulario de Informes de Proyectos RPL de ACS","robots":{"index":"index","follow":"follow","max-snippet":"max-snippet:-1","max-image-preview":"max-image-preview:large","max-video-preview":"max-video-preview:-1"},"canonical":"https:\/\/acsrpl.com\/es\/order-acs-rpl-form\/","og_locale":"es_ES","og_type":"article","og_title":"Solicitar Formulario de Informes de Proyectos RPL de ACS. - Formulario de Informes de Proyectos RPL de ACS","og_description":"[vc_row css=&#8221;.vc_custom_1755361186909{border-bottom-width: 1px !important;padding-top: 40px !important;padding-bottom: 40px !important;border-bottom-color: #1c2226 !important;border-bottom-style: solid !important;}&#8221; responsive_css=&#8221;padding_top_large:60px|padding_bottom_large:60px&#8221;][vc_column ca_init_scale_z=&#8221;1&#8243; ca_an_scale_z=&#8221;1&#8243; offset=&#8221;vc_col-md-12&#8243;][\/vc_column][\/vc_row][vc_row full_width=&#8221;stretch_row&#8221; gap=&#8221;0&#8243; equal_height=&#8221;yes&#8221; data_tooltip=&#8221;Coast Drone&#8221; responsive_css=&#8221;margin_top_medium:0px|margin_bottom_medium:0px&#8221;][vc_column offset=&#8221;vc_col-md-6 vc_hidden-sm vc_hidden-xs&#8221; responsive_css=&#8221;border_bottom_medium:0px|padding_top_medium:60px|padding_right_medium:5vmax|padding_bottom_medium:60px|padding_left_medium:5vmax|padding_top_small:60px|padding_bottom_small:60px&#8221; css=&#8221;.vc_custom_1755361244330{border-bottom-width: 1px !important;padding-top: 60px !important;padding-right: 15px !important;padding-bottom: 60px !important;padding-left: 15px !important;border-bottom-style: solid !important;}&#8221;][\/vc_column][vc_column offset=&#8221;vc_col-md-6&#8243; responsive_css=&#8221;border_left_medium:1px|padding_top_medium:60px|padding_right_medium:5vmax|padding_bottom_medium:60px|padding_left_medium:5vmax|border_left_small:0px|padding_top_small:60px|padding_bottom_small:60px&#8221; css=&#8221;.vc_custom_1755361254360{border-left-width: 0px !important;padding-top: 60px !important;padding-right: 15px !important;padding-bottom: 60px !important;padding-left: 15px !important;border-left-color: #1c2226 !important;border-left-style: solid [&hellip;]","og_url":"https:\/\/acsrpl.com\/es\/order-acs-rpl-form\/","og_site_name":"Formulario de Informes de Proyectos RPL de ACS","article_modified_time":"2025-08-31T05:57:30+00:00","twitter_card":"summary_large_image","twitter_misc":{"Tiempo de lectura":"1 minuto"},"schema":{"@context":"https:\/\/schema.org","@graph":[{"@type":"WebPage","@id":"https:\/\/acsrpl.com\/es\/order-acs-rpl-form\/","url":"https:\/\/acsrpl.com\/es\/order-acs-rpl-form\/","name":"Solicitar Formulario de Informes de Proyectos RPL de ACS. - Formulario de Informes de Proyectos RPL de ACS","isPartOf":{"@id":"https:\/\/acsrpl.com\/es\/#website"},"datePublished":"2025-08-15T14:38:40+00:00","dateModified":"2025-08-31T05:57:30+00:00","breadcrumb":{"@id":"https:\/\/acsrpl.com\/es\/order-acs-rpl-form\/#breadcrumb"},"inLanguage":"es","potentialAction":[{"@type":"ReadAction","target":["https:\/\/acsrpl.com\/es\/order-acs-rpl-form\/"]}]},{"@type":"BreadcrumbList","@id":"https:\/\/acsrpl.com\/es\/order-acs-rpl-form\/#breadcrumb","itemListElement":[{"@type":"ListItem","position":1,"name":"Home","item":"https:\/\/acsrpl.com\/es\/"},{"@type":"ListItem","position":2,"name":"Solicitar Formulario de Informes de Proyectos RPL de ACS."}]},{"@type":"WebSite","@id":"https:\/\/acsrpl.com\/es\/#website","url":"https:\/\/acsrpl.com\/es\/","name":"Formulario de informe del proyecto ACS RPL","description":"ACS RPL","publisher":{"@id":"https:\/\/acsrpl.com\/es\/#organization"},"potentialAction":[{"@type":"SearchAction","target":{"@type":"EntryPoint","urlTemplate":"https:\/\/acsrpl.com\/es\/?s={search_term_string}"},"query-input":{"@type":"PropertyValueSpecification","valueRequired":true,"valueName":"search_term_string"}}],"inLanguage":"es"},{"@type":"Organization","@id":"https:\/\/acsrpl.com\/es\/#organization","name":"Formulario de informe del proyecto ACS RPL","alternateName":"ACS RPL","url":"https:\/\/acsrpl.com\/es\/","logo":{"@type":"ImageObject","inLanguage":"es","@id":"https:\/\/acsrpl.com\/es\/#\/schema\/logo\/image\/","url":"https:\/\/acsrpl.com\/es\/wp-content\/uploads\/2025\/08\/logo-dark-1.png","contentUrl":"https:\/\/acsrpl.com\/es\/wp-content\/uploads\/2025\/08\/logo-dark-1.png","width":237,"height":39,"caption":"Formulario de informe del proyecto ACS RPL"},"image":{"@id":"https:\/\/acsrpl.com\/es\/#\/schema\/logo\/image\/"}}]}},"_links":{"self":[{"href":"https:\/\/acsrpl.com\/es\/wp-json\/wp\/v2\/pages\/6166","targetHints":{"allow":["GET"]}}],"collection":[{"href":"https:\/\/acsrpl.com\/es\/wp-json\/wp\/v2\/pages"}],"about":[{"href":"https:\/\/acsrpl.com\/es\/wp-json\/wp\/v2\/types\/page"}],"author":[{"embeddable":true,"href":"https:\/\/acsrpl.com\/es\/wp-json\/wp\/v2\/users\/1"}],"replies":[{"embeddable":true,"href":"https:\/\/acsrpl.com\/es\/wp-json\/wp\/v2\/comments?post=6166"}],"version-history":[{"count":6,"href":"https:\/\/acsrpl.com\/es\/wp-json\/wp\/v2\/pages\/6166\/revisions"}],"predecessor-version":[{"id":6963,"href":"https:\/\/acsrpl.com\/es\/wp-json\/wp\/v2\/pages\/6166\/revisions\/6963"}],"wp:attachment":[{"href":"https:\/\/acsrpl.com\/es\/wp-json\/wp\/v2\/media?parent=6166"}],"curies":[{"name":"wp","href":"https:\/\/api.w.org\/{rel}","templated":true}]}}