{"id":6299,"date":"2025-08-17T15:05:32","date_gmt":"2025-08-17T15:05:32","guid":{"rendered":"https:\/\/acsrpl.com\/?page_id=6299"},"modified":"2025-09-11T13:30:53","modified_gmt":"2025-09-11T13:30:53","slug":"rpl-case-study","status":"publish","type":"page","link":"https:\/\/acsrpl.com\/es\/rpl-case-study\/","title":{"rendered":"Historias de \u00e9xito de RPL de ACS (Estudios de casos)"},"content":{"rendered":"<p>[vc_row css=&#8221;.vc_custom_1755190041425{border-bottom-width: 1px !important;padding-top: 40px !important;padding-bottom: 40px !important;border-bottom-color: #1c2226 !important;border-bottom-style: solid !important;}&#8221; responsive_css=&#8221;padding_top_large:60px|padding_bottom_large:60px&#8221;][vc_column ca_init_scale_z=&#8221;1&#8243; ca_an_scale_z=&#8221;1&#8243;]<style>.ld_fancy_heading_69eb96db9f354 h1 {font-size:36px; } @media (min-width: 768px) { .ld_fancy_heading_69eb96db9f354 h1 {font-size:60px; }  } @media (min-width: 992px) { .ld_fancy_heading_69eb96db9f354 h1 {font-size:80px; }  } @media (min-width: 1200px) { .ld_fancy_heading_69eb96db9f354 h1 {font-size:100px; }  } .ld_fancy_heading_69eb96db9f354 h1 {line-height:1em; } .ld_fancy_heading_69eb96db9f354 h1 {--element-line-height:1em; } .ld_fancy_heading_69eb96db9f354 h1 {margin-bottom:0.25em !important;  } .ld_fancy_heading_69eb96db9f354 .lqd-highlight-inner{height:0.275em!important;bottom:0px!important;}.ld_fancy_heading_69eb96db9f354 h1 {font-size:36px; } @media (min-width: 768px) { .ld_fancy_heading_69eb96db9f354 h1 {font-size:60px; }  } @media (min-width: 992px) { .ld_fancy_heading_69eb96db9f354 h1 {font-size:80px; }  } @media (min-width: 1200px) { .ld_fancy_heading_69eb96db9f354 h1 {font-size:100px; }  } .ld_fancy_heading_69eb96db9f354 h1 {line-height:1em; } .ld_fancy_heading_69eb96db9f354 h1 {--element-line-height:1em; } .ld_fancy_heading_69eb96db9f354 h1 {margin-bottom:0.25em !important;  } <\/style><div class=\"ld-fancy-heading ld_fancy_heading_69eb96db9f354\">\n\t<h1 class=\"ld-fh-element lqd-highlight-underline lqd-highlight-grow-left text-decoration-default\"   >  Historias de \u00e9xito de RPL de ACS y estudios de casos.<\/h1><\/div><style>.ld_fancy_heading_69eb96dba05ee p {font-size:18px; } .ld_fancy_heading_69eb96dba05ee p {line-height:1.315em; } .ld_fancy_heading_69eb96dba05ee p {--element-line-height:1.315em; } .ld_fancy_heading_69eb96dba05ee p {margin-bottom:1.75em !important;  } .ld_fancy_heading_69eb96dba05ee .lqd-highlight-inner{height:0.275em!important;bottom:0px!important;}.ld_fancy_heading_69eb96dba05ee p {font-size:18px; } .ld_fancy_heading_69eb96dba05ee p {line-height:1.315em; } .ld_fancy_heading_69eb96dba05ee p {--element-line-height:1.315em; } .ld_fancy_heading_69eb96dba05ee p {margin-bottom:1.75em !important;  } <\/style><div class=\"ld-fancy-heading ld_fancy_heading_69eb96dba05ee\">\n\t<p class=\"ld-fh-element lqd-highlight-underline lqd-highlight-grow-left text-decoration-default\"   >  Explora nuestra colecci\u00f3n de estudios de casos reales de RPL de ACS, que muestran evaluaciones exitosas de habilidades de ACS en diversos roles de TIC. Cada ejemplo demuestra c\u00f3mo adaptamos los informes de RPL a experiencias individuales y cumplimos con todos los requisitos de ACS. Descubre estrategias probadas y obt\u00e9n ideas valiosas para fortalecer tu propia solicitud de RPL de ACS y lograr tus objetivos de migraci\u00f3n a Australia con confianza.<\/p><\/div>[\/vc_column][\/vc_row][vc_row gap=&#8221;10&#8243; css=&#8221;.vc_custom_1755190559570{padding-top: 40px !important;padding-bottom: 40px !important;}&#8221; responsive_css=&#8221;padding_top_large:60px|padding_bottom_large:60px&#8221;][vc_column offset=&#8221;vc_col-md-offset-0 vc_col-sm-offset-0&#8243;]<style>.ld_blog_69eb96dba118b .lqd-lp-row{margin-inline-start:-15px;margin-inline-end:-15px;}.ld_blog_69eb96dba118b .lqd-lp-column{padding-inline-start:15px;padding-inline-end:15px;margin-bottom:30px;}.ld_blog_69eb96dba118b .lqd-lp .lqd-lp-title{margin-top:px !important;margin-bottom:px !important;}.ld_blog_69eb96dba118b .lqd-lp .lqd-lp-title a{color:rgb(255, 255, 255);}.ld_blog_69eb96dba118b .lqd-lp:hover .lqd-lp-title a{color:rgb(255, 255, 255);}<\/style><div class=\"lqd-lp-grid ld_blog_69eb96dba118b lqd-1755443117802-d143cb10-02f6 \"><div class=\"lqd-lp-row row d-flex flex-wrap\"><div class=\"lqd-lp-column col-md-4 col-sm-6 case-study\"><article id=\"post-5956\" class=\"lqd-lp lqd-lp lqd-lp-style-6 lqd-lp-style-6-alt lqd-lp-title-20 lqd-lp-hover-img-zoom lqd-lp-hover-img-zoom-out pos-rel round overflow-hidden post-5956 post type-post status-publish format-standard has-post-thumbnail hentry category-case-study tag-acs tag-acs-rpl tag-anzsco-261312 tag-developer-programmer tag-project-report tag-rpl\">\n<div class=\"lqd-lp-img overflow-hidden\">\n\n\t<figure><img decoding=\"async\" width=\"640\" height=\"364\" src=\"https:\/\/acsrpl.com\/es\/wp-content\/uploads\/2025\/08\/47885-640x364.jpg\" class=\"w-100 wp-post-image\" alt=\"Desarrollo de un sistema de fidelizaci\u00f3n multiplataforma con integraciones de API en tiempo real\" itemprop=\"image\" \/><\/figure>\n\t<div class=\"lqd-lp-meta text-uppercase font-weight-bold pos-rel z-index-3\">\n\t\t\t<\/div>\n\n<\/div>\n\n<header class=\"lqd-lp-header pt-4 ps-3 pe-3 px-3\">\n\n\t<div class=\"lqd-lp-meta lqd-lp-meta-dot-between d-flex flex-wrap align-items-center\">\n\n\t\t<div class=\"lqd-lp-author pos-rel z-index-3\">\n\t\t\t<div class=\"lqd-lp-author-info\">\n\t\t\t\t<h3 class=\"mt-0 mb-0\"><a href=\"https:\/\/acsrpl.com\/es\/author\/nimaparham\/\">ACS RPL<\/a><\/h3>\n\t\t\t<\/div>\n\t\t<\/div>\n\n\t\t<time class=\"lqd-lp-date pos-rel z-index-2\" datetime=\"2025-08-13T14:47:05+00:00\">agosto 13, 2025<\/time>\n\t<\/div>\n\n\t<h2 class=\"entry-title lqd-lp-title mt-2 mb-0 h5\"><a  href=\"https:\/\/acsrpl.com\/es\/developing-a-cross-platform-loyalty-program-system-with-real-time-api-integrations\/\" rel=\"bookmark\">Desarrollo de un sistema de fidelizaci\u00f3n multiplataforma con integraciones de API en tiempo real<\/a><\/h2>\n<\/header>\n\n\t\t\t<div class=\"lqd-lp-excerpt pt-2 pb-4 ps-3 pe-3 px-3\">\n\t\t\t\t\t\t\t<\/div><!-- \/.latest-post-excerpt -->\n\t\t\n<a  href=\"https:\/\/acsrpl.com\/es\/developing-a-cross-platform-loyalty-program-system-with-real-time-api-integrations\/\" class=\"lqd-lp-overlay-link lqd-overlay z-index-2\" tab-index=\"-1\"><\/a><\/article><\/div><div class=\"lqd-lp-column col-md-4 col-sm-6 case-study\"><article id=\"post-5947\" class=\"lqd-lp lqd-lp lqd-lp-style-6 lqd-lp-style-6-alt lqd-lp-title-20 lqd-lp-hover-img-zoom lqd-lp-hover-img-zoom-out pos-rel round overflow-hidden post-5947 post type-post status-publish format-standard has-post-thumbnail hentry category-case-study tag-acs tag-acs-rpl tag-anzsco-261112 tag-project-report tag-rpl tag-systems-analyst\">\n<div class=\"lqd-lp-img overflow-hidden\">\n\n\t<figure><img decoding=\"async\" width=\"640\" height=\"364\" src=\"data:image\/svg+xml;charset=utf-8,%3Csvg xmlns%3D&#039;http%3A%2F%2Fwww.w3.org%2F2000%2Fsvg&#039; viewBox%3D&#039;0 0 640 364&#039;%2F%3E\" class=\"w-100 ld-lazyload wp-post-image\" alt=\"Implementaci\u00f3n de un sistema hospitalario de admisi\u00f3n de pacientes y gesti\u00f3n de registros m\u00e9dicos\" itemprop=\"image\" data-src=\"https:\/\/acsrpl.com\/es\/wp-content\/uploads\/2025\/08\/54432-640x364.jpg\" data-aspect=\"1.7582417582418\" \/><\/figure>\n\t<div class=\"lqd-lp-meta text-uppercase font-weight-bold pos-rel z-index-3\">\n\t\t\t<\/div>\n\n<\/div>\n\n<header class=\"lqd-lp-header pt-4 ps-3 pe-3 px-3\">\n\n\t<div class=\"lqd-lp-meta lqd-lp-meta-dot-between d-flex flex-wrap align-items-center\">\n\n\t\t<div class=\"lqd-lp-author pos-rel z-index-3\">\n\t\t\t<div class=\"lqd-lp-author-info\">\n\t\t\t\t<h3 class=\"mt-0 mb-0\"><a href=\"https:\/\/acsrpl.com\/es\/author\/nimaparham\/\">ACS RPL<\/a><\/h3>\n\t\t\t<\/div>\n\t\t<\/div>\n\n\t\t<time class=\"lqd-lp-date pos-rel z-index-2\" datetime=\"2025-08-13T14:18:10+00:00\">agosto 13, 2025<\/time>\n\t<\/div>\n\n\t<h2 class=\"entry-title lqd-lp-title mt-2 mb-0 h5\"><a  href=\"https:\/\/acsrpl.com\/es\/implementing-a-hospital-patient-admission-and-records-management-system\/\" rel=\"bookmark\">Implementaci\u00f3n de un sistema hospitalario de admisi\u00f3n de pacientes y gesti\u00f3n de registros m\u00e9dicos<\/a><\/h2>\n<\/header>\n\n\t\t\t<div class=\"lqd-lp-excerpt pt-2 pb-4 ps-3 pe-3 px-3\">\n\t\t\t\t\t\t\t<\/div><!-- \/.latest-post-excerpt -->\n\t\t\n<a  href=\"https:\/\/acsrpl.com\/es\/implementing-a-hospital-patient-admission-and-records-management-system\/\" class=\"lqd-lp-overlay-link lqd-overlay z-index-2\" tab-index=\"-1\"><\/a><\/article><\/div><div class=\"lqd-lp-column col-md-4 col-sm-6 case-study\"><article id=\"post-5940\" class=\"lqd-lp lqd-lp lqd-lp-style-6 lqd-lp-style-6-alt lqd-lp-title-20 lqd-lp-hover-img-zoom lqd-lp-hover-img-zoom-out pos-rel round overflow-hidden post-5940 post type-post status-publish format-standard has-post-thumbnail hentry category-case-study tag-acs tag-acs-rpl tag-anzsco-261313 tag-project-report tag-rpl tag-software-engineer\">\n<div class=\"lqd-lp-img overflow-hidden\">\n\n\t<figure><img decoding=\"async\" width=\"640\" height=\"364\" src=\"data:image\/svg+xml;charset=utf-8,%3Csvg xmlns%3D&#039;http%3A%2F%2Fwww.w3.org%2F2000%2Fsvg&#039; viewBox%3D&#039;0 0 640 364&#039;%2F%3E\" class=\"w-100 ld-lazyload wp-post-image\" alt=\"Dise\u00f1o e implementaci\u00f3n de una plataforma de gesti\u00f3n de flotas en tiempo real para despacho inteligente\" itemprop=\"image\" data-src=\"https:\/\/acsrpl.com\/es\/wp-content\/uploads\/2025\/08\/95531-640x364.jpg\" data-aspect=\"1.7582417582418\" \/><\/figure>\n\t<div class=\"lqd-lp-meta text-uppercase font-weight-bold pos-rel z-index-3\">\n\t\t\t<\/div>\n\n<\/div>\n\n<header class=\"lqd-lp-header pt-4 ps-3 pe-3 px-3\">\n\n\t<div class=\"lqd-lp-meta lqd-lp-meta-dot-between d-flex flex-wrap align-items-center\">\n\n\t\t<div class=\"lqd-lp-author pos-rel z-index-3\">\n\t\t\t<div class=\"lqd-lp-author-info\">\n\t\t\t\t<h3 class=\"mt-0 mb-0\"><a href=\"https:\/\/acsrpl.com\/es\/author\/nimaparham\/\">ACS RPL<\/a><\/h3>\n\t\t\t<\/div>\n\t\t<\/div>\n\n\t\t<time class=\"lqd-lp-date pos-rel z-index-2\" datetime=\"2025-08-13T13:57:51+00:00\">agosto 13, 2025<\/time>\n\t<\/div>\n\n\t<h2 class=\"entry-title lqd-lp-title mt-2 mb-0 h5\"><a  href=\"https:\/\/acsrpl.com\/es\/engineering-a-real-time-fleet-management-platform-for-intelligent-dispatching\/\" rel=\"bookmark\">Dise\u00f1o e implementaci\u00f3n de una plataforma de gesti\u00f3n de flotas en tiempo real para despacho inteligente<\/a><\/h2>\n<\/header>\n\n\t\t\t<div class=\"lqd-lp-excerpt pt-2 pb-4 ps-3 pe-3 px-3\">\n\t\t\t\t\t\t\t<\/div><!-- \/.latest-post-excerpt -->\n\t\t\n<a  href=\"https:\/\/acsrpl.com\/es\/engineering-a-real-time-fleet-management-platform-for-intelligent-dispatching\/\" class=\"lqd-lp-overlay-link lqd-overlay z-index-2\" tab-index=\"-1\"><\/a><\/article><\/div><div class=\"lqd-lp-column col-md-4 col-sm-6 case-study\"><article id=\"post-5918\" class=\"lqd-lp lqd-lp lqd-lp-style-6 lqd-lp-style-6-alt lqd-lp-title-20 lqd-lp-hover-img-zoom lqd-lp-hover-img-zoom-out pos-rel round overflow-hidden post-5918 post type-post status-publish format-standard has-post-thumbnail hentry category-case-study tag-acs tag-acs-rpl tag-anzsco-263111 tag-computer-network-and-systems-engineer tag-project-report tag-rpl\">\n<div class=\"lqd-lp-img overflow-hidden\">\n\n\t<figure><img decoding=\"async\" width=\"640\" height=\"364\" src=\"data:image\/svg+xml;charset=utf-8,%3Csvg xmlns%3D&#039;http%3A%2F%2Fwww.w3.org%2F2000%2Fsvg&#039; viewBox%3D&#039;0 0 640 364&#039;%2F%3E\" class=\"w-100 ld-lazyload wp-post-image\" alt=\"Creaci\u00f3n y gesti\u00f3n de una infraestructura de red de campus de alta disponibilidad para una universidad\" itemprop=\"image\" data-src=\"https:\/\/acsrpl.com\/es\/wp-content\/uploads\/2025\/08\/44381-640x364.jpg\" data-aspect=\"1.7582417582418\" \/><\/figure>\n\t<div class=\"lqd-lp-meta text-uppercase font-weight-bold pos-rel z-index-3\">\n\t\t\t<\/div>\n\n<\/div>\n\n<header class=\"lqd-lp-header pt-4 ps-3 pe-3 px-3\">\n\n\t<div class=\"lqd-lp-meta lqd-lp-meta-dot-between d-flex flex-wrap align-items-center\">\n\n\t\t<div class=\"lqd-lp-author pos-rel z-index-3\">\n\t\t\t<div class=\"lqd-lp-author-info\">\n\t\t\t\t<h3 class=\"mt-0 mb-0\"><a href=\"https:\/\/acsrpl.com\/es\/author\/nimaparham\/\">ACS RPL<\/a><\/h3>\n\t\t\t<\/div>\n\t\t<\/div>\n\n\t\t<time class=\"lqd-lp-date pos-rel z-index-2\" datetime=\"2025-08-13T10:17:12+00:00\">agosto 13, 2025<\/time>\n\t<\/div>\n\n\t<h2 class=\"entry-title lqd-lp-title mt-2 mb-0 h5\"><a  href=\"https:\/\/acsrpl.com\/es\/building-and-managing-a-high-availability-campus-network-infrastructure-for-a-university\/\" rel=\"bookmark\">Creaci\u00f3n y gesti\u00f3n de una infraestructura de red de campus de alta disponibilidad para una universidad<\/a><\/h2>\n<\/header>\n\n\t\t\t<div class=\"lqd-lp-excerpt pt-2 pb-4 ps-3 pe-3 px-3\">\n\t\t\t\t\t\t\t<\/div><!-- \/.latest-post-excerpt -->\n\t\t\n<a  href=\"https:\/\/acsrpl.com\/es\/building-and-managing-a-high-availability-campus-network-infrastructure-for-a-university\/\" class=\"lqd-lp-overlay-link lqd-overlay z-index-2\" tab-index=\"-1\"><\/a><\/article><\/div><div class=\"lqd-lp-column col-md-4 col-sm-6 case-study\"><article id=\"post-5893\" class=\"lqd-lp lqd-lp lqd-lp-style-6 lqd-lp-style-6-alt lqd-lp-title-20 lqd-lp-hover-img-zoom lqd-lp-hover-img-zoom-out pos-rel round overflow-hidden post-5893 post type-post status-publish format-standard has-post-thumbnail hentry category-case-study tag-acs tag-acs-rpl tag-anzsco-261111 tag-ict-business-analyst tag-project-report tag-rpl\">\n<div class=\"lqd-lp-img overflow-hidden\">\n\n\t<figure><img decoding=\"async\" width=\"640\" height=\"364\" src=\"data:image\/svg+xml;charset=utf-8,%3Csvg xmlns%3D&#039;http%3A%2F%2Fwww.w3.org%2F2000%2Fsvg&#039; viewBox%3D&#039;0 0 640 364&#039;%2F%3E\" class=\"w-100 ld-lazyload wp-post-image\" alt=\"Digitalizaci\u00f3n de los servicios urbanos en una iniciativa de ciudad inteligente\" itemprop=\"image\" data-src=\"https:\/\/acsrpl.com\/es\/wp-content\/uploads\/2025\/08\/58644-640x364.jpg\" data-aspect=\"1.7582417582418\" \/><\/figure>\n\t<div class=\"lqd-lp-meta text-uppercase font-weight-bold pos-rel z-index-3\">\n\t\t\t<\/div>\n\n<\/div>\n\n<header class=\"lqd-lp-header pt-4 ps-3 pe-3 px-3\">\n\n\t<div class=\"lqd-lp-meta lqd-lp-meta-dot-between d-flex flex-wrap align-items-center\">\n\n\t\t<div class=\"lqd-lp-author pos-rel z-index-3\">\n\t\t\t<div class=\"lqd-lp-author-info\">\n\t\t\t\t<h3 class=\"mt-0 mb-0\"><a href=\"https:\/\/acsrpl.com\/es\/author\/nimaparham\/\">ACS RPL<\/a><\/h3>\n\t\t\t<\/div>\n\t\t<\/div>\n\n\t\t<time class=\"lqd-lp-date pos-rel z-index-2\" datetime=\"2025-08-13T09:13:46+00:00\">agosto 13, 2025<\/time>\n\t<\/div>\n\n\t<h2 class=\"entry-title lqd-lp-title mt-2 mb-0 h5\"><a  href=\"https:\/\/acsrpl.com\/es\/digitalizing-urban-services-in-a-smart-city-initiative\/\" rel=\"bookmark\">Digitalizaci\u00f3n de los servicios urbanos en una iniciativa de ciudad inteligente<\/a><\/h2>\n<\/header>\n\n\t\t\t<div class=\"lqd-lp-excerpt pt-2 pb-4 ps-3 pe-3 px-3\">\n\t\t\t\t\t\t\t<\/div><!-- \/.latest-post-excerpt -->\n\t\t\n<a  href=\"https:\/\/acsrpl.com\/es\/digitalizing-urban-services-in-a-smart-city-initiative\/\" class=\"lqd-lp-overlay-link lqd-overlay z-index-2\" tab-index=\"-1\"><\/a><\/article><\/div><\/div><!--\/ .row --><\/div><!--\/ .lqd-lp-grid -->[\/vc_column][\/vc_row]<\/p>\n","protected":false},"excerpt":{"rendered":"","protected":false},"author":1,"featured_media":0,"parent":0,"menu_order":0,"comment_status":"closed","ping_status":"closed","template":"","meta":{"footnotes":""},"class_list":["post-6299","page","type-page","status-publish","hentry"],"yoast_head":"<!-- This site is optimized with the Yoast SEO plugin v27.4 - https:\/\/yoast.com\/product\/yoast-seo-wordpress\/ -->\n<title>Historias de \u00e9xito de RPL de ACS (Estudios de casos) - Formulario de Informes de Proyectos RPL de ACS<\/title>\n<meta name=\"description\" content=\"Explore nuestra colecci\u00f3n de estudios de casos reales de ACS RPL, que muestran evaluaciones exitosas de habilidades de ACS en varios roles de TIC.\" \/>\n<meta name=\"robots\" content=\"index, follow, max-snippet:-1, max-image-preview:large, max-video-preview:-1\" \/>\n<link rel=\"canonical\" href=\"https:\/\/acsrpl.com\/es\/rpl-case-study\/\" \/>\n<meta property=\"og:locale\" content=\"es_ES\" \/>\n<meta property=\"og:type\" content=\"article\" \/>\n<meta property=\"og:title\" content=\"Historias de \u00e9xito de RPL de ACS (Estudios de casos) - Formulario de Informes de Proyectos RPL de ACS\" \/>\n<meta property=\"og:description\" content=\"Explore nuestra colecci\u00f3n de estudios de casos reales de ACS RPL, que muestran evaluaciones exitosas de habilidades de ACS en varios roles de TIC.\" \/>\n<meta property=\"og:url\" content=\"https:\/\/acsrpl.com\/es\/rpl-case-study\/\" \/>\n<meta property=\"og:site_name\" content=\"Formulario de Informes de Proyectos RPL de ACS\" \/>\n<meta property=\"article:modified_time\" content=\"2025-09-11T13:30:53+00:00\" \/>\n<meta name=\"twitter:card\" content=\"summary_large_image\" \/>\n<meta name=\"twitter:label1\" content=\"Tiempo de lectura\" \/>\n\t<meta name=\"twitter:data1\" content=\"1 minuto\" \/>\n<script type=\"application\/ld+json\" class=\"yoast-schema-graph\">{\"@context\":\"https:\\\/\\\/schema.org\",\"@graph\":[{\"@type\":\"WebPage\",\"@id\":\"https:\\\/\\\/acsrpl.com\\\/es\\\/rpl-case-study\\\/\",\"url\":\"https:\\\/\\\/acsrpl.com\\\/es\\\/rpl-case-study\\\/\",\"name\":\"Historias de \u00e9xito de RPL de ACS (Estudios de casos) - Formulario de Informes de Proyectos RPL de ACS\",\"isPartOf\":{\"@id\":\"https:\\\/\\\/acsrpl.com\\\/es\\\/#website\"},\"datePublished\":\"2025-08-17T15:05:32+00:00\",\"dateModified\":\"2025-09-11T13:30:53+00:00\",\"description\":\"Explore nuestra colecci\u00f3n de estudios de casos reales de ACS RPL, que muestran evaluaciones exitosas de habilidades de ACS en varios roles de TIC.\",\"breadcrumb\":{\"@id\":\"https:\\\/\\\/acsrpl.com\\\/es\\\/rpl-case-study\\\/#breadcrumb\"},\"inLanguage\":\"es\",\"potentialAction\":[{\"@type\":\"ReadAction\",\"target\":[\"https:\\\/\\\/acsrpl.com\\\/es\\\/rpl-case-study\\\/\"]}]},{\"@type\":\"BreadcrumbList\",\"@id\":\"https:\\\/\\\/acsrpl.com\\\/es\\\/rpl-case-study\\\/#breadcrumb\",\"itemListElement\":[{\"@type\":\"ListItem\",\"position\":1,\"name\":\"Home\",\"item\":\"https:\\\/\\\/acsrpl.com\\\/es\\\/\"},{\"@type\":\"ListItem\",\"position\":2,\"name\":\"Historias de \u00e9xito de RPL de ACS (Estudios de casos)\"}]},{\"@type\":\"WebSite\",\"@id\":\"https:\\\/\\\/acsrpl.com\\\/es\\\/#website\",\"url\":\"https:\\\/\\\/acsrpl.com\\\/es\\\/\",\"name\":\"Formulario de informe del proyecto ACS RPL\",\"description\":\"ACS RPL\",\"publisher\":{\"@id\":\"https:\\\/\\\/acsrpl.com\\\/es\\\/#organization\"},\"potentialAction\":[{\"@type\":\"SearchAction\",\"target\":{\"@type\":\"EntryPoint\",\"urlTemplate\":\"https:\\\/\\\/acsrpl.com\\\/es\\\/?s={search_term_string}\"},\"query-input\":{\"@type\":\"PropertyValueSpecification\",\"valueRequired\":true,\"valueName\":\"search_term_string\"}}],\"inLanguage\":\"es\"},{\"@type\":\"Organization\",\"@id\":\"https:\\\/\\\/acsrpl.com\\\/es\\\/#organization\",\"name\":\"Formulario de informe del proyecto ACS RPL\",\"alternateName\":\"ACS RPL\",\"url\":\"https:\\\/\\\/acsrpl.com\\\/es\\\/\",\"logo\":{\"@type\":\"ImageObject\",\"inLanguage\":\"es\",\"@id\":\"https:\\\/\\\/acsrpl.com\\\/es\\\/#\\\/schema\\\/logo\\\/image\\\/\",\"url\":\"https:\\\/\\\/acsrpl.com\\\/es\\\/wp-content\\\/uploads\\\/2025\\\/08\\\/logo-dark-1.png\",\"contentUrl\":\"https:\\\/\\\/acsrpl.com\\\/es\\\/wp-content\\\/uploads\\\/2025\\\/08\\\/logo-dark-1.png\",\"width\":237,\"height\":39,\"caption\":\"Formulario de informe del proyecto ACS RPL\"},\"image\":{\"@id\":\"https:\\\/\\\/acsrpl.com\\\/es\\\/#\\\/schema\\\/logo\\\/image\\\/\"}}]}<\/script>\n<!-- \/ Yoast SEO plugin. -->","yoast_head_json":{"title":"Historias de \u00e9xito de RPL de ACS (Estudios de casos) - Formulario de Informes de Proyectos RPL de ACS","description":"Explore nuestra colecci\u00f3n de estudios de casos reales de ACS RPL, que muestran evaluaciones exitosas de habilidades de ACS en varios roles de TIC.","robots":{"index":"index","follow":"follow","max-snippet":"max-snippet:-1","max-image-preview":"max-image-preview:large","max-video-preview":"max-video-preview:-1"},"canonical":"https:\/\/acsrpl.com\/es\/rpl-case-study\/","og_locale":"es_ES","og_type":"article","og_title":"Historias de \u00e9xito de RPL de ACS (Estudios de casos) - Formulario de Informes de Proyectos RPL de ACS","og_description":"Explore nuestra colecci\u00f3n de estudios de casos reales de ACS RPL, que muestran evaluaciones exitosas de habilidades de ACS en varios roles de TIC.","og_url":"https:\/\/acsrpl.com\/es\/rpl-case-study\/","og_site_name":"Formulario de Informes de Proyectos RPL de ACS","article_modified_time":"2025-09-11T13:30:53+00:00","twitter_card":"summary_large_image","twitter_misc":{"Tiempo de lectura":"1 minuto"},"schema":{"@context":"https:\/\/schema.org","@graph":[{"@type":"WebPage","@id":"https:\/\/acsrpl.com\/es\/rpl-case-study\/","url":"https:\/\/acsrpl.com\/es\/rpl-case-study\/","name":"Historias de \u00e9xito de RPL de ACS (Estudios de casos) - Formulario de Informes de Proyectos RPL de ACS","isPartOf":{"@id":"https:\/\/acsrpl.com\/es\/#website"},"datePublished":"2025-08-17T15:05:32+00:00","dateModified":"2025-09-11T13:30:53+00:00","description":"Explore nuestra colecci\u00f3n de estudios de casos reales de ACS RPL, que muestran evaluaciones exitosas de habilidades de ACS en varios roles de TIC.","breadcrumb":{"@id":"https:\/\/acsrpl.com\/es\/rpl-case-study\/#breadcrumb"},"inLanguage":"es","potentialAction":[{"@type":"ReadAction","target":["https:\/\/acsrpl.com\/es\/rpl-case-study\/"]}]},{"@type":"BreadcrumbList","@id":"https:\/\/acsrpl.com\/es\/rpl-case-study\/#breadcrumb","itemListElement":[{"@type":"ListItem","position":1,"name":"Home","item":"https:\/\/acsrpl.com\/es\/"},{"@type":"ListItem","position":2,"name":"Historias de \u00e9xito de RPL de ACS (Estudios de casos)"}]},{"@type":"WebSite","@id":"https:\/\/acsrpl.com\/es\/#website","url":"https:\/\/acsrpl.com\/es\/","name":"Formulario de informe del proyecto ACS RPL","description":"ACS RPL","publisher":{"@id":"https:\/\/acsrpl.com\/es\/#organization"},"potentialAction":[{"@type":"SearchAction","target":{"@type":"EntryPoint","urlTemplate":"https:\/\/acsrpl.com\/es\/?s={search_term_string}"},"query-input":{"@type":"PropertyValueSpecification","valueRequired":true,"valueName":"search_term_string"}}],"inLanguage":"es"},{"@type":"Organization","@id":"https:\/\/acsrpl.com\/es\/#organization","name":"Formulario de informe del proyecto ACS RPL","alternateName":"ACS RPL","url":"https:\/\/acsrpl.com\/es\/","logo":{"@type":"ImageObject","inLanguage":"es","@id":"https:\/\/acsrpl.com\/es\/#\/schema\/logo\/image\/","url":"https:\/\/acsrpl.com\/es\/wp-content\/uploads\/2025\/08\/logo-dark-1.png","contentUrl":"https:\/\/acsrpl.com\/es\/wp-content\/uploads\/2025\/08\/logo-dark-1.png","width":237,"height":39,"caption":"Formulario de informe del proyecto ACS RPL"},"image":{"@id":"https:\/\/acsrpl.com\/es\/#\/schema\/logo\/image\/"}}]}},"_links":{"self":[{"href":"https:\/\/acsrpl.com\/es\/wp-json\/wp\/v2\/pages\/6299","targetHints":{"allow":["GET"]}}],"collection":[{"href":"https:\/\/acsrpl.com\/es\/wp-json\/wp\/v2\/pages"}],"about":[{"href":"https:\/\/acsrpl.com\/es\/wp-json\/wp\/v2\/types\/page"}],"author":[{"embeddable":true,"href":"https:\/\/acsrpl.com\/es\/wp-json\/wp\/v2\/users\/1"}],"replies":[{"embeddable":true,"href":"https:\/\/acsrpl.com\/es\/wp-json\/wp\/v2\/comments?post=6299"}],"version-history":[{"count":7,"href":"https:\/\/acsrpl.com\/es\/wp-json\/wp\/v2\/pages\/6299\/revisions"}],"predecessor-version":[{"id":6968,"href":"https:\/\/acsrpl.com\/es\/wp-json\/wp\/v2\/pages\/6299\/revisions\/6968"}],"wp:attachment":[{"href":"https:\/\/acsrpl.com\/es\/wp-json\/wp\/v2\/media?parent=6299"}],"curies":[{"name":"wp","href":"https:\/\/api.w.org\/{rel}","templated":true}]}}