{"id":7191,"date":"2025-09-21T07:07:37","date_gmt":"2025-09-21T07:07:37","guid":{"rendered":"https:\/\/acsrpl.com\/es\/?page_id=7191"},"modified":"2025-09-21T07:07:37","modified_gmt":"2025-09-21T07:07:37","slug":"articles","status":"publish","type":"page","link":"https:\/\/acsrpl.com\/es\/articles\/","title":{"rendered":"Art\u00edculos"},"content":{"rendered":"<p>[vc_row css=&#8221;.vc_custom_1755190041425{border-bottom-width: 1px !important;padding-top: 40px !important;padding-bottom: 40px !important;border-bottom-color: #1c2226 !important;border-bottom-style: solid !important;}&#8221; responsive_css=&#8221;padding_top_large:60px|padding_bottom_large:60px&#8221;][vc_column ca_init_scale_z=&#8221;1&#8243; ca_an_scale_z=&#8221;1&#8243;]<style>.ld_fancy_heading_69eb96a395c57 h1 {font-size:36px; } @media (min-width: 768px) { .ld_fancy_heading_69eb96a395c57 h1 {font-size:60px; }  } @media (min-width: 992px) { .ld_fancy_heading_69eb96a395c57 h1 {font-size:80px; }  } @media (min-width: 1200px) { .ld_fancy_heading_69eb96a395c57 h1 {font-size:100px; }  } .ld_fancy_heading_69eb96a395c57 h1 {line-height:1em; } .ld_fancy_heading_69eb96a395c57 h1 {--element-line-height:1em; } .ld_fancy_heading_69eb96a395c57 h1 {margin-bottom:0.25em !important;  } .ld_fancy_heading_69eb96a395c57 .lqd-highlight-inner{height:0.275em!important;bottom:0px!important;}.ld_fancy_heading_69eb96a395c57 h1 {font-size:36px; } @media (min-width: 768px) { .ld_fancy_heading_69eb96a395c57 h1 {font-size:60px; }  } @media (min-width: 992px) { .ld_fancy_heading_69eb96a395c57 h1 {font-size:80px; }  } @media (min-width: 1200px) { .ld_fancy_heading_69eb96a395c57 h1 {font-size:100px; }  } .ld_fancy_heading_69eb96a395c57 h1 {line-height:1em; } .ld_fancy_heading_69eb96a395c57 h1 {--element-line-height:1em; } .ld_fancy_heading_69eb96a395c57 h1 {margin-bottom:0.25em !important;  } <\/style><div class=\"ld-fancy-heading ld_fancy_heading_69eb96a395c57\">\n\t<h1 class=\"ld-fh-element lqd-highlight-underline lqd-highlight-grow-left text-decoration-default\"   >  Art\u00edculos.<\/h1><\/div><style>.ld_fancy_heading_69eb96a397436 p {font-size:18px; } .ld_fancy_heading_69eb96a397436 p {line-height:1.315em; } .ld_fancy_heading_69eb96a397436 p {--element-line-height:1.315em; } .ld_fancy_heading_69eb96a397436 p {margin-bottom:1.75em !important;  } .ld_fancy_heading_69eb96a397436 .lqd-highlight-inner{height:0.275em!important;bottom:0px!important;}.ld_fancy_heading_69eb96a397436 p {font-size:18px; } .ld_fancy_heading_69eb96a397436 p {line-height:1.315em; } .ld_fancy_heading_69eb96a397436 p {--element-line-height:1.315em; } .ld_fancy_heading_69eb96a397436 p {margin-bottom:1.75em !important;  } <\/style><div class=\"ld-fancy-heading ld_fancy_heading_69eb96a397436\">\n\t<p class=\"ld-fh-element lqd-highlight-underline lqd-highlight-grow-left text-decoration-default\"   >  Bienvenido a nuestro centro de art\u00edculos\u2014tu fuente seleccionada de gu\u00edas pr\u00e1cticas, tutoriales en profundidad, estudios de caso y actualizaciones del sector. Explora temas que abarcan desde ACS RPL y perspectivas sobre ANZSCO hasta consejos de carrera en TIC, listas de verificaci\u00f3n de documentaci\u00f3n y recomendaciones paso a paso para informes de proyecto. Publicamos contenido pr\u00e1ctico y basado en evidencia para ayudarte a tomar decisiones con confianza y acelerar tus objetivos. Revisa las publicaciones m\u00e1s recientes, busca por categor\u00eda y vuelve con frecuencia para descubrir nuevos recursos.<\/p><\/div>[\/vc_column][\/vc_row][vc_row gap=&#8221;10&#8243; css=&#8221;.vc_custom_1755190559570{padding-top: 40px !important;padding-bottom: 40px !important;}&#8221; responsive_css=&#8221;padding_top_large:60px|padding_bottom_large:60px&#8221;][vc_column offset=&#8221;vc_col-md-offset-0 vc_col-sm-offset-0&#8243;]<style>.ld_blog_69eb96a397bb9 .lqd-lp-row{margin-inline-start:-15px;margin-inline-end:-15px;}.ld_blog_69eb96a397bb9 .lqd-lp-column{padding-inline-start:15px;padding-inline-end:15px;margin-bottom:30px;}.ld_blog_69eb96a397bb9 .lqd-lp .lqd-lp-title{margin-top:px !important;margin-bottom:px !important;}.ld_blog_69eb96a397bb9 .lqd-lp .lqd-lp-title a{color:rgb(255, 255, 255);}.ld_blog_69eb96a397bb9 .lqd-lp:hover .lqd-lp-title a{color:rgb(255, 255, 255);}<\/style><div class=\"lqd-lp-grid ld_blog_69eb96a397bb9 lqd-1755443117802-d143cb10-02f6 \"><div class=\"lqd-lp-row row d-flex flex-wrap\"><div class=\"lqd-lp-column col-md-4 col-sm-6 guide\"><article id=\"post-7188\" class=\"lqd-lp lqd-lp lqd-lp-style-6 lqd-lp-style-6-alt lqd-lp-title-20 lqd-lp-hover-img-zoom lqd-lp-hover-img-zoom-out pos-rel round overflow-hidden post-7188 post type-post status-publish format-standard has-post-thumbnail hentry category-guide tag-acs tag-acs-rpl tag-project-report tag-rpl\">\n<div class=\"lqd-lp-img overflow-hidden\">\n\n\t<figure><img decoding=\"async\" width=\"640\" height=\"364\" src=\"https:\/\/acsrpl.com\/es\/wp-content\/uploads\/2025\/09\/51560-640x364.jpg\" class=\"w-100 wp-post-image\" alt=\"Gu\u00eda ACS RPL 2025: Reconocimiento del Aprendizaje Previo para TIC en Australia\" itemprop=\"image\" \/><\/figure>\n\t<div class=\"lqd-lp-meta text-uppercase font-weight-bold pos-rel z-index-3\">\n\t\t\t<\/div>\n\n<\/div>\n\n<header class=\"lqd-lp-header pt-4 ps-3 pe-3 px-3\">\n\n\t<div class=\"lqd-lp-meta lqd-lp-meta-dot-between d-flex flex-wrap align-items-center\">\n\n\t\t<div class=\"lqd-lp-author pos-rel z-index-3\">\n\t\t\t<div class=\"lqd-lp-author-info\">\n\t\t\t\t<h3 class=\"mt-0 mb-0\"><a href=\"https:\/\/acsrpl.com\/es\/author\/nimaparham\/\">ACS RPL<\/a><\/h3>\n\t\t\t<\/div>\n\t\t<\/div>\n\n\t\t<time class=\"lqd-lp-date pos-rel z-index-2\" datetime=\"2025-09-21T06:29:02+00:00\">septiembre 21, 2025<\/time>\n\t<\/div>\n\n\t<h2 class=\"entry-title lqd-lp-title mt-2 mb-0 h5\"><a  href=\"https:\/\/acsrpl.com\/es\/acs-rpl-guide-2025-recognition-of-prior-learning-for-australia-ict\/\" rel=\"bookmark\">Gu\u00eda ACS RPL 2025: Reconocimiento del Aprendizaje Previo para TIC en Australia<\/a><\/h2>\n<\/header>\n\n\t\t\t<div class=\"lqd-lp-excerpt pt-2 pb-4 ps-3 pe-3 px-3\">\n\t\t\t\t\t\t\t<\/div><!-- \/.latest-post-excerpt -->\n\t\t\n<a  href=\"https:\/\/acsrpl.com\/es\/acs-rpl-guide-2025-recognition-of-prior-learning-for-australia-ict\/\" class=\"lqd-lp-overlay-link lqd-overlay z-index-2\" tab-index=\"-1\"><\/a><\/article><\/div><\/div><!--\/ .row --><\/div><!--\/ .lqd-lp-grid -->[\/vc_column][\/vc_row]<\/p>\n","protected":false},"excerpt":{"rendered":"","protected":false},"author":1,"featured_media":0,"parent":0,"menu_order":0,"comment_status":"closed","ping_status":"closed","template":"","meta":{"footnotes":""},"class_list":["post-7191","page","type-page","status-publish","hentry"],"yoast_head":"<!-- This site is optimized with the Yoast SEO plugin v27.4 - https:\/\/yoast.com\/product\/yoast-seo-wordpress\/ -->\n<title>Art\u00edculos - Formulario de Informes de Proyectos RPL de ACS<\/title>\n<meta name=\"description\" content=\"Explore nuestra colecci\u00f3n de estudios de casos reales de ACS RPL, que muestran evaluaciones exitosas de habilidades de ACS en varios roles de TIC.\" \/>\n<meta name=\"robots\" content=\"index, follow, max-snippet:-1, max-image-preview:large, max-video-preview:-1\" \/>\n<link rel=\"canonical\" href=\"https:\/\/acsrpl.com\/es\/articles\/\" \/>\n<meta property=\"og:locale\" content=\"es_ES\" \/>\n<meta property=\"og:type\" content=\"article\" \/>\n<meta property=\"og:title\" content=\"Art\u00edculos - Formulario de Informes de Proyectos RPL de ACS\" \/>\n<meta property=\"og:description\" content=\"Explore nuestra colecci\u00f3n de estudios de casos reales de ACS RPL, que muestran evaluaciones exitosas de habilidades de ACS en varios roles de TIC.\" \/>\n<meta property=\"og:url\" content=\"https:\/\/acsrpl.com\/es\/articles\/\" \/>\n<meta property=\"og:site_name\" content=\"Formulario de Informes de Proyectos RPL de ACS\" \/>\n<meta name=\"twitter:card\" content=\"summary_large_image\" \/>\n<meta name=\"twitter:label1\" content=\"Tiempo de lectura\" \/>\n\t<meta name=\"twitter:data1\" content=\"1 minuto\" \/>\n<script type=\"application\/ld+json\" class=\"yoast-schema-graph\">{\"@context\":\"https:\\\/\\\/schema.org\",\"@graph\":[{\"@type\":\"WebPage\",\"@id\":\"https:\\\/\\\/acsrpl.com\\\/es\\\/articles\\\/\",\"url\":\"https:\\\/\\\/acsrpl.com\\\/es\\\/articles\\\/\",\"name\":\"Art\u00edculos - Formulario de Informes de Proyectos RPL de ACS\",\"isPartOf\":{\"@id\":\"https:\\\/\\\/acsrpl.com\\\/es\\\/#website\"},\"datePublished\":\"2025-09-21T07:07:37+00:00\",\"description\":\"Explore nuestra colecci\u00f3n de estudios de casos reales de ACS RPL, que muestran evaluaciones exitosas de habilidades de ACS en varios roles de TIC.\",\"breadcrumb\":{\"@id\":\"https:\\\/\\\/acsrpl.com\\\/es\\\/articles\\\/#breadcrumb\"},\"inLanguage\":\"es\",\"potentialAction\":[{\"@type\":\"ReadAction\",\"target\":[\"https:\\\/\\\/acsrpl.com\\\/es\\\/articles\\\/\"]}]},{\"@type\":\"BreadcrumbList\",\"@id\":\"https:\\\/\\\/acsrpl.com\\\/es\\\/articles\\\/#breadcrumb\",\"itemListElement\":[{\"@type\":\"ListItem\",\"position\":1,\"name\":\"Home\",\"item\":\"https:\\\/\\\/acsrpl.com\\\/es\\\/\"},{\"@type\":\"ListItem\",\"position\":2,\"name\":\"Art\u00edculos\"}]},{\"@type\":\"WebSite\",\"@id\":\"https:\\\/\\\/acsrpl.com\\\/es\\\/#website\",\"url\":\"https:\\\/\\\/acsrpl.com\\\/es\\\/\",\"name\":\"Formulario de informe del proyecto ACS RPL\",\"description\":\"ACS RPL\",\"publisher\":{\"@id\":\"https:\\\/\\\/acsrpl.com\\\/es\\\/#organization\"},\"potentialAction\":[{\"@type\":\"SearchAction\",\"target\":{\"@type\":\"EntryPoint\",\"urlTemplate\":\"https:\\\/\\\/acsrpl.com\\\/es\\\/?s={search_term_string}\"},\"query-input\":{\"@type\":\"PropertyValueSpecification\",\"valueRequired\":true,\"valueName\":\"search_term_string\"}}],\"inLanguage\":\"es\"},{\"@type\":\"Organization\",\"@id\":\"https:\\\/\\\/acsrpl.com\\\/es\\\/#organization\",\"name\":\"Formulario de informe del proyecto ACS RPL\",\"alternateName\":\"ACS RPL\",\"url\":\"https:\\\/\\\/acsrpl.com\\\/es\\\/\",\"logo\":{\"@type\":\"ImageObject\",\"inLanguage\":\"es\",\"@id\":\"https:\\\/\\\/acsrpl.com\\\/es\\\/#\\\/schema\\\/logo\\\/image\\\/\",\"url\":\"https:\\\/\\\/acsrpl.com\\\/es\\\/wp-content\\\/uploads\\\/2025\\\/08\\\/logo-dark-1.png\",\"contentUrl\":\"https:\\\/\\\/acsrpl.com\\\/es\\\/wp-content\\\/uploads\\\/2025\\\/08\\\/logo-dark-1.png\",\"width\":237,\"height\":39,\"caption\":\"Formulario de informe del proyecto ACS RPL\"},\"image\":{\"@id\":\"https:\\\/\\\/acsrpl.com\\\/es\\\/#\\\/schema\\\/logo\\\/image\\\/\"}}]}<\/script>\n<!-- \/ Yoast SEO plugin. -->","yoast_head_json":{"title":"Art\u00edculos - Formulario de Informes de Proyectos RPL de ACS","description":"Explore nuestra colecci\u00f3n de estudios de casos reales de ACS RPL, que muestran evaluaciones exitosas de habilidades de ACS en varios roles de TIC.","robots":{"index":"index","follow":"follow","max-snippet":"max-snippet:-1","max-image-preview":"max-image-preview:large","max-video-preview":"max-video-preview:-1"},"canonical":"https:\/\/acsrpl.com\/es\/articles\/","og_locale":"es_ES","og_type":"article","og_title":"Art\u00edculos - Formulario de Informes de Proyectos RPL de ACS","og_description":"Explore nuestra colecci\u00f3n de estudios de casos reales de ACS RPL, que muestran evaluaciones exitosas de habilidades de ACS en varios roles de TIC.","og_url":"https:\/\/acsrpl.com\/es\/articles\/","og_site_name":"Formulario de Informes de Proyectos RPL de ACS","twitter_card":"summary_large_image","twitter_misc":{"Tiempo de lectura":"1 minuto"},"schema":{"@context":"https:\/\/schema.org","@graph":[{"@type":"WebPage","@id":"https:\/\/acsrpl.com\/es\/articles\/","url":"https:\/\/acsrpl.com\/es\/articles\/","name":"Art\u00edculos - Formulario de Informes de Proyectos RPL de ACS","isPartOf":{"@id":"https:\/\/acsrpl.com\/es\/#website"},"datePublished":"2025-09-21T07:07:37+00:00","description":"Explore nuestra colecci\u00f3n de estudios de casos reales de ACS RPL, que muestran evaluaciones exitosas de habilidades de ACS en varios roles de TIC.","breadcrumb":{"@id":"https:\/\/acsrpl.com\/es\/articles\/#breadcrumb"},"inLanguage":"es","potentialAction":[{"@type":"ReadAction","target":["https:\/\/acsrpl.com\/es\/articles\/"]}]},{"@type":"BreadcrumbList","@id":"https:\/\/acsrpl.com\/es\/articles\/#breadcrumb","itemListElement":[{"@type":"ListItem","position":1,"name":"Home","item":"https:\/\/acsrpl.com\/es\/"},{"@type":"ListItem","position":2,"name":"Art\u00edculos"}]},{"@type":"WebSite","@id":"https:\/\/acsrpl.com\/es\/#website","url":"https:\/\/acsrpl.com\/es\/","name":"Formulario de informe del proyecto ACS RPL","description":"ACS RPL","publisher":{"@id":"https:\/\/acsrpl.com\/es\/#organization"},"potentialAction":[{"@type":"SearchAction","target":{"@type":"EntryPoint","urlTemplate":"https:\/\/acsrpl.com\/es\/?s={search_term_string}"},"query-input":{"@type":"PropertyValueSpecification","valueRequired":true,"valueName":"search_term_string"}}],"inLanguage":"es"},{"@type":"Organization","@id":"https:\/\/acsrpl.com\/es\/#organization","name":"Formulario de informe del proyecto ACS RPL","alternateName":"ACS RPL","url":"https:\/\/acsrpl.com\/es\/","logo":{"@type":"ImageObject","inLanguage":"es","@id":"https:\/\/acsrpl.com\/es\/#\/schema\/logo\/image\/","url":"https:\/\/acsrpl.com\/es\/wp-content\/uploads\/2025\/08\/logo-dark-1.png","contentUrl":"https:\/\/acsrpl.com\/es\/wp-content\/uploads\/2025\/08\/logo-dark-1.png","width":237,"height":39,"caption":"Formulario de informe del proyecto ACS RPL"},"image":{"@id":"https:\/\/acsrpl.com\/es\/#\/schema\/logo\/image\/"}}]}},"_links":{"self":[{"href":"https:\/\/acsrpl.com\/es\/wp-json\/wp\/v2\/pages\/7191","targetHints":{"allow":["GET"]}}],"collection":[{"href":"https:\/\/acsrpl.com\/es\/wp-json\/wp\/v2\/pages"}],"about":[{"href":"https:\/\/acsrpl.com\/es\/wp-json\/wp\/v2\/types\/page"}],"author":[{"embeddable":true,"href":"https:\/\/acsrpl.com\/es\/wp-json\/wp\/v2\/users\/1"}],"replies":[{"embeddable":true,"href":"https:\/\/acsrpl.com\/es\/wp-json\/wp\/v2\/comments?post=7191"}],"version-history":[{"count":1,"href":"https:\/\/acsrpl.com\/es\/wp-json\/wp\/v2\/pages\/7191\/revisions"}],"predecessor-version":[{"id":7192,"href":"https:\/\/acsrpl.com\/es\/wp-json\/wp\/v2\/pages\/7191\/revisions\/7192"}],"wp:attachment":[{"href":"https:\/\/acsrpl.com\/es\/wp-json\/wp\/v2\/media?parent=7191"}],"curies":[{"name":"wp","href":"https:\/\/api.w.org\/{rel}","templated":true}]}}